{"id":3744,"date":"2021-03-24T16:38:16","date_gmt":"2021-03-24T16:38:16","guid":{"rendered":"http:\/\/decormobel.com\/?page_id=3744"},"modified":"2022-04-21T13:16:25","modified_gmt":"2022-04-21T13:16:25","slug":"historia","status":"publish","type":"page","link":"https:\/\/decormobel.com\/ca\/historia\/","title":{"rendered":"Hist\u00f2ria"},"content":{"rendered":"<div data-elementor-type=\"wp-page\" data-elementor-id=\"3744\" class=\"elementor elementor-3744\">\n\t\t\t\t\t\t\t\t\t<section class=\"elementor-section elementor-top-section elementor-element elementor-element-2f152d9 elementor-section-full_width elementor-section-content-middle elementor-section-height-default elementor-section-height-default gs-locked-section-no\" data-id=\"2f152d9\" data-element_type=\"section\">\n\t\t\t\t\t\t<div class=\"elementor-container elementor-column-gap-no\">\n\t\t\t\t\t<div class=\"elementor-column elementor-col-50 elementor-top-column elementor-element elementor-element-76fbbd2\" data-id=\"76fbbd2\" data-element_type=\"column\" data-settings=\"{&quot;background_background&quot;:&quot;classic&quot;}\">\n\t\t\t<div class=\"elementor-widget-wrap elementor-element-populated\">\n\t\t\t\t\t\t\t\t<div class=\"elementor-element elementor-element-5053829 elementor-widget elementor-widget-grada-gallery-images\" data-id=\"5053829\" data-element_type=\"widget\" data-settings=\"{&quot;gallery_images_carousel_items&quot;:1,&quot;gallery_images_carousel_margin&quot;:0,&quot;gallery_images_carousel_stage_padding&quot;:0}\" data-widget_type=\"grada-gallery-images.default\">\n\t\t\t\t<div class=\"elementor-widget-container\">\n\t\t\t\n            <div class=\"gs-entries-wrapper gs-entries-filter\" data-entries-id=\"5053829\">\n\t            \n                <div class=\"gs-gallery-images gs-gallery-images-info-overlay\">\n\t\t            <div id=\"gs-gallery-69db7bfc275c8\" class=\"owl-carousel owl-theme\" data-animation=\"gsFadeIn\" data-wow=\"no\">\n\t\t\t        <div class=\"gs-gallery-item wow gsFadeIn\" >\n\t        <div class=\"gallery-item-inner type-info-overlay\">\n\t\t<div class=\"gallery-item-thumbnail-holder\">\n        <div class=\"entry-image-ratio\" style=\"padding-bottom: 83.984375% !important;\"><img loading=\"lazy\" decoding=\"async\" width=\"1024\" height=\"860\" src=\"https:\/\/decormobel.com\/wp-content\/uploads\/2022\/04\/decormobel.jpg\" class=\"attachment-full size-full\" alt=\"Equip decormobel any 1980.\" srcset=\"https:\/\/decormobel.com\/wp-content\/uploads\/2022\/04\/decormobel.jpg 1024w, https:\/\/decormobel.com\/wp-content\/uploads\/2022\/04\/decormobel-300x252.jpg 300w, https:\/\/decormobel.com\/wp-content\/uploads\/2022\/04\/decormobel-768x645.jpg 768w, https:\/\/decormobel.com\/wp-content\/uploads\/2022\/04\/decormobel-600x504.jpg 600w\" sizes=\"auto, (max-width: 1024px) 100vw, 1024px\" \/><\/div>\t\t\t\t\t<\/div>\n<\/div>\n        <\/div>\n    \t\t        <div class=\"gs-gallery-item wow gsFadeIn\" >\n\t        <div class=\"gallery-item-inner type-info-overlay\">\n\t\t<div class=\"gallery-item-thumbnail-holder\">\n        <div class=\"entry-image-ratio\" style=\"padding-bottom: 83.984375% !important;\"><img loading=\"lazy\" decoding=\"async\" width=\"1024\" height=\"860\" src=\"https:\/\/decormobel.com\/wp-content\/uploads\/2022\/04\/1.jpg\" class=\"attachment-full size-full\" alt=\"Obra Figueres\" srcset=\"https:\/\/decormobel.com\/wp-content\/uploads\/2022\/04\/1.jpg 1024w, https:\/\/decormobel.com\/wp-content\/uploads\/2022\/04\/1-300x252.jpg 300w, https:\/\/decormobel.com\/wp-content\/uploads\/2022\/04\/1-768x645.jpg 768w, https:\/\/decormobel.com\/wp-content\/uploads\/2022\/04\/1-600x504.jpg 600w\" sizes=\"auto, (max-width: 1024px) 100vw, 1024px\" \/><\/div>\t\t\t\t\t<\/div>\n<\/div>\n        <\/div>\n    \t\t        <div class=\"gs-gallery-item wow gsFadeIn\" >\n\t        <div class=\"gallery-item-inner type-info-overlay\">\n\t\t<div class=\"gallery-item-thumbnail-holder\">\n        <div class=\"entry-image-ratio\" style=\"padding-bottom: 83.984375% !important;\"><img loading=\"lazy\" decoding=\"async\" width=\"1024\" height=\"860\" src=\"https:\/\/decormobel.com\/wp-content\/uploads\/2022\/04\/2.jpg\" class=\"attachment-full size-full\" alt=\"Construcci\u00f3 Decormobel Figueres\" srcset=\"https:\/\/decormobel.com\/wp-content\/uploads\/2022\/04\/2.jpg 1024w, https:\/\/decormobel.com\/wp-content\/uploads\/2022\/04\/2-300x252.jpg 300w, https:\/\/decormobel.com\/wp-content\/uploads\/2022\/04\/2-768x645.jpg 768w, https:\/\/decormobel.com\/wp-content\/uploads\/2022\/04\/2-600x504.jpg 600w\" sizes=\"auto, (max-width: 1024px) 100vw, 1024px\" \/><\/div>\t\t\t\t\t<\/div>\n<\/div>\n        <\/div>\n    \t\t        <div class=\"gs-gallery-item wow gsFadeIn\" >\n\t        <div class=\"gallery-item-inner type-info-overlay\">\n\t\t<div class=\"gallery-item-thumbnail-holder\">\n        <div class=\"entry-image-ratio\" style=\"padding-bottom: 83.984375% !important;\"><img loading=\"lazy\" decoding=\"async\" width=\"1024\" height=\"860\" src=\"https:\/\/decormobel.com\/wp-content\/uploads\/2022\/04\/3.jpg\" class=\"attachment-full size-full\" alt=\"Reformes Figueres\" srcset=\"https:\/\/decormobel.com\/wp-content\/uploads\/2022\/04\/3.jpg 1024w, https:\/\/decormobel.com\/wp-content\/uploads\/2022\/04\/3-300x252.jpg 300w, https:\/\/decormobel.com\/wp-content\/uploads\/2022\/04\/3-768x645.jpg 768w, https:\/\/decormobel.com\/wp-content\/uploads\/2022\/04\/3-600x504.jpg 600w\" sizes=\"auto, (max-width: 1024px) 100vw, 1024px\" \/><\/div>\t\t\t\t\t<\/div>\n<\/div>\n        <\/div>\n    \t\t        <div class=\"gs-gallery-item wow gsFadeIn\" >\n\t        <div class=\"gallery-item-inner type-info-overlay\">\n\t\t<div class=\"gallery-item-thumbnail-holder\">\n        <div class=\"entry-image-ratio\" style=\"padding-bottom: 83.984375% !important;\"><img loading=\"lazy\" decoding=\"async\" width=\"1024\" height=\"860\" src=\"https:\/\/decormobel.com\/wp-content\/uploads\/2022\/04\/4.jpg\" class=\"attachment-full size-full\" alt=\"Reformes a Figueres Decormobel\" srcset=\"https:\/\/decormobel.com\/wp-content\/uploads\/2022\/04\/4.jpg 1024w, https:\/\/decormobel.com\/wp-content\/uploads\/2022\/04\/4-300x252.jpg 300w, https:\/\/decormobel.com\/wp-content\/uploads\/2022\/04\/4-768x645.jpg 768w, https:\/\/decormobel.com\/wp-content\/uploads\/2022\/04\/4-600x504.jpg 600w\" sizes=\"auto, (max-width: 1024px) 100vw, 1024px\" \/><\/div>\t\t\t\t\t<\/div>\n<\/div>\n        <\/div>\n    \t\t        <div class=\"gs-gallery-item wow gsFadeIn\" >\n\t        <div class=\"gallery-item-inner type-info-overlay\">\n\t\t<div class=\"gallery-item-thumbnail-holder\">\n        <div class=\"entry-image-ratio\" style=\"padding-bottom: 83.984375% !important;\"><img loading=\"lazy\" decoding=\"async\" width=\"1024\" height=\"860\" src=\"https:\/\/decormobel.com\/wp-content\/uploads\/2022\/04\/5.jpg\" class=\"attachment-full size-full\" alt=\"Vista panor\u00e0mica Decormobel Figueres\" srcset=\"https:\/\/decormobel.com\/wp-content\/uploads\/2022\/04\/5.jpg 1024w, https:\/\/decormobel.com\/wp-content\/uploads\/2022\/04\/5-300x252.jpg 300w, https:\/\/decormobel.com\/wp-content\/uploads\/2022\/04\/5-768x645.jpg 768w, https:\/\/decormobel.com\/wp-content\/uploads\/2022\/04\/5-600x504.jpg 600w\" sizes=\"auto, (max-width: 1024px) 100vw, 1024px\" \/><\/div>\t\t\t\t\t<\/div>\n<\/div>\n        <\/div>\n    \t\t        <div class=\"gs-gallery-item wow gsFadeIn\" >\n\t        <div class=\"gallery-item-inner type-info-overlay\">\n\t\t<div class=\"gallery-item-thumbnail-holder\">\n        <div class=\"entry-image-ratio\" style=\"padding-bottom: 83.984375% !important;\"><img loading=\"lazy\" decoding=\"async\" width=\"1024\" height=\"860\" src=\"https:\/\/decormobel.com\/wp-content\/uploads\/2022\/04\/6.jpg\" class=\"attachment-full size-full\" alt=\"Vista a\u00e8ria Decormobel Figueres\" srcset=\"https:\/\/decormobel.com\/wp-content\/uploads\/2022\/04\/6.jpg 1024w, https:\/\/decormobel.com\/wp-content\/uploads\/2022\/04\/6-300x252.jpg 300w, https:\/\/decormobel.com\/wp-content\/uploads\/2022\/04\/6-768x645.jpg 768w, https:\/\/decormobel.com\/wp-content\/uploads\/2022\/04\/6-600x504.jpg 600w\" sizes=\"auto, (max-width: 1024px) 100vw, 1024px\" \/><\/div>\t\t\t\t\t<\/div>\n<\/div>\n        <\/div>\n    \t\t        <div class=\"gs-gallery-item wow gsFadeIn\" >\n\t        <div class=\"gallery-item-inner type-info-overlay\">\n\t\t<div class=\"gallery-item-thumbnail-holder\">\n        <div class=\"entry-image-ratio\" style=\"padding-bottom: 83.984375% !important;\"><img loading=\"lazy\" decoding=\"async\" width=\"1024\" height=\"860\" src=\"https:\/\/decormobel.com\/wp-content\/uploads\/2022\/04\/7.jpg\" class=\"attachment-full size-full\" alt=\"Zona exterior Figueres\" srcset=\"https:\/\/decormobel.com\/wp-content\/uploads\/2022\/04\/7.jpg 1024w, https:\/\/decormobel.com\/wp-content\/uploads\/2022\/04\/7-300x252.jpg 300w, https:\/\/decormobel.com\/wp-content\/uploads\/2022\/04\/7-768x645.jpg 768w, https:\/\/decormobel.com\/wp-content\/uploads\/2022\/04\/7-600x504.jpg 600w\" sizes=\"auto, (max-width: 1024px) 100vw, 1024px\" \/><\/div>\t\t\t\t\t<\/div>\n<\/div>\n        <\/div>\n    \t\t        <div class=\"gs-gallery-item wow gsFadeIn\" >\n\t        <div class=\"gallery-item-inner type-info-overlay\">\n\t\t<div class=\"gallery-item-thumbnail-holder\">\n        <div class=\"entry-image-ratio\" style=\"padding-bottom: 83.984375% !important;\"><img loading=\"lazy\" decoding=\"async\" width=\"1024\" height=\"860\" src=\"https:\/\/decormobel.com\/wp-content\/uploads\/2022\/04\/8.jpg\" class=\"attachment-full size-full\" alt=\"Josep Payra i equip\" srcset=\"https:\/\/decormobel.com\/wp-content\/uploads\/2022\/04\/8.jpg 1024w, https:\/\/decormobel.com\/wp-content\/uploads\/2022\/04\/8-300x252.jpg 300w, https:\/\/decormobel.com\/wp-content\/uploads\/2022\/04\/8-768x645.jpg 768w, https:\/\/decormobel.com\/wp-content\/uploads\/2022\/04\/8-600x504.jpg 600w\" sizes=\"auto, (max-width: 1024px) 100vw, 1024px\" \/><\/div>\t\t\t\t\t<\/div>\n<\/div>\n        <\/div>\n    <\/div>\n<script type=\"text\/javascript\">\n    jQuery(function ($) {\n        var owl = $('#gs-gallery-69db7bfc275c8');\n\n        owl.owlCarousel({\n            items: 1,\n            margin: 10,\n            autoHeight: false,\n            loop: false,\n            mouseDrag: true,\n            touchDrag: true,\n            stagePadding: 0,\n            startPosition: 0,\n            nav: true,\n            navText: [\n                '<svg width=\"20\" height=\"20\" viewBox=\"0 0 24 24\" fill=\"none\" xmlns=\"http:\/\/www.w3.org\/2000\/svg\"><path d=\"M19 12H5\" stroke=\"currentColor\" stroke-width=\"2\" stroke-linecap=\"round\" stroke-linejoin=\"round\"\/><path d=\"M12 19L5 12L12 5\" stroke=\"currentColor\" stroke-width=\"2\" stroke-linecap=\"round\" stroke-linejoin=\"round\"\/><\/svg>',\n                '<svg width=\"20\" height=\"20\" viewBox=\"0 0 24 24\" fill=\"none\" xmlns=\"http:\/\/www.w3.org\/2000\/svg\"><path d=\"M5 12H19\" stroke=\"currentColor\" stroke-width=\"2\" stroke-linecap=\"round\" stroke-linejoin=\"round\"\/><path d=\"M12 5L19 12L12 19\" stroke=\"currentColor\" stroke-width=\"2\" stroke-linecap=\"round\" stroke-linejoin=\"round\"\/><\/svg>',\n            ],\n            dots: false,\n            autoplay: true,\n            autoplayTimeout: 4000,\n            autoplayHoverPause: true,\n            smartSpeed: 450,\n            responsive:{\n                768:{\n                    items: 2,\n                    margin: 5,\n                    stagePadding: 0                },\n                992:{\n                    items: 1,\n                    margin: 0,\n                    stagePadding: 0                }\n            }\n        });\n    });\n<\/script>                <\/div>\n            <\/div>\n        \t\t<\/div>\n\t\t\t\t<\/div>\n\t\t\t\t\t<\/div>\n\t\t<\/div>\n\t\t\t\t<div class=\"elementor-column elementor-col-50 elementor-top-column elementor-element elementor-element-7d0d1bd\" data-id=\"7d0d1bd\" data-element_type=\"column\" data-settings=\"{&quot;background_background&quot;:&quot;classic&quot;}\">\n\t\t\t<div class=\"elementor-widget-wrap elementor-element-populated\">\n\t\t\t\t\t\t\t\t<div class=\"elementor-element elementor-element-7c5991c elementor-widget elementor-widget-grada-section-title\" data-id=\"7c5991c\" data-element_type=\"widget\" data-widget_type=\"grada-section-title.default\">\n\t\t\t\t<div class=\"elementor-widget-container\">\n\t\t\t            <div class=\"gs-section-title-holder\">\n                \t\t\t\t    <span class=\"gs-section-tagline\">Fundada l&#039;any 1979<\/span>\n                                                    <div class=\"gs-section-title-inner\">\n\t                    \t\t                    <h1 class=\"gs-section-title\">30 anys i una visi\u00f3<\/h1>\t                    \t\t\t                                        <div class=\"gs-section-title-content\">\n\t                            <p>Josep Payr\u00e0, un noi de 30 anys va emprendre un projecte de mobles i decoraci\u00f3. La idea de crear una botiga de grans dimensions amb molt de p\u00e0rquing fora de l&#039;extrarradi de la ciutat, va ser molt innovadora en aquella \u00e8poca. Els problemes per a fer i les limitacions per trobar locals grans i confortables, van asseure els fonaments de l&#039;\u00e8xit de la nostra empresa.<\/p>\n                            <\/div>\n                                            <\/div>\n                \t\t\t<\/div>\n\t\t\t\t<\/div>\n\t\t\t\t<\/div>\n\t\t\t\t<div class=\"elementor-element elementor-element-d43379a elementor-widget elementor-widget-button\" data-id=\"d43379a\" data-element_type=\"widget\" data-widget_type=\"button.default\">\n\t\t\t\t<div class=\"elementor-widget-container\">\n\t\t\t\t\t<div class=\"elementor-button-wrapper\">\n\t\t\t<a href=\"http:\/\/decormobel.com\/ca\/proyectos\/\" class=\"elementor-button-link elementor-button elementor-size-sm\" role=\"button\">\n\t\t\t\t\t\t<span class=\"elementor-button-content-wrapper\">\n\t\t\t\t\t\t<span class=\"elementor-button-text\">contrastar EXPERI\u00c8NCIA<\/span>\n\t\t<\/span>\n\t\t\t\t\t<\/a>\n\t\t<\/div>\n\t\t\t\t<\/div>\n\t\t\t\t<\/div>\n\t\t\t\t\t<\/div>\n\t\t<\/div>\n\t\t\t\t\t\t\t<\/div>\n\t\t<\/section>\n\t\t\t\t\t\t\t<\/div>","protected":false},"excerpt":{"rendered":"<p>Fundada l&#039;any 1979 30 anys i una visi\u00f3 Josep Payr\u00e0, un jove de 30 anys va emprendre un projecte de mobles i\u2026<\/p>","protected":false},"author":1,"featured_media":0,"parent":0,"menu_order":0,"comment_status":"closed","ping_status":"closed","template":"","meta":{"_acf_changed":false,"_themeisle_gutenberg_block_has_review":false,"footnotes":""},"class_list":["post-3744","page","type-page","status-publish","hentry"],"acf":[],"_links":{"self":[{"href":"https:\/\/decormobel.com\/ca\/wp-json\/wp\/v2\/pages\/3744","targetHints":{"allow":["GET"]}}],"collection":[{"href":"https:\/\/decormobel.com\/ca\/wp-json\/wp\/v2\/pages"}],"about":[{"href":"https:\/\/decormobel.com\/ca\/wp-json\/wp\/v2\/types\/page"}],"author":[{"embeddable":true,"href":"https:\/\/decormobel.com\/ca\/wp-json\/wp\/v2\/users\/1"}],"replies":[{"embeddable":true,"href":"https:\/\/decormobel.com\/ca\/wp-json\/wp\/v2\/comments?post=3744"}],"version-history":[{"count":119,"href":"https:\/\/decormobel.com\/ca\/wp-json\/wp\/v2\/pages\/3744\/revisions"}],"predecessor-version":[{"id":7819,"href":"https:\/\/decormobel.com\/ca\/wp-json\/wp\/v2\/pages\/3744\/revisions\/7819"}],"wp:attachment":[{"href":"https:\/\/decormobel.com\/ca\/wp-json\/wp\/v2\/media?parent=3744"}],"curies":[{"name":"wp","href":"https:\/\/api.w.org\/{rel}","templated":true}]}}