{"id":424,"date":"2020-08-30T09:28:35","date_gmt":"2020-08-30T09:28:35","guid":{"rendered":"https:\/\/gradastudio.com\/maunt\/?page_id=424"},"modified":"2022-04-21T13:17:10","modified_gmt":"2022-04-21T13:17:10","slug":"proyectos","status":"publish","type":"page","link":"https:\/\/decormobel.com\/ca\/projectes\/","title":{"rendered":"Experi\u00e8ncia de 40 anys, m\u00e9s de mil projectes."},"content":{"rendered":"<div data-elementor-type=\"wp-page\" data-elementor-id=\"424\" class=\"elementor elementor-424\">\n\t\t\t\t\t\t\t\t\t<section class=\"elementor-section elementor-top-section elementor-element elementor-element-6fb6e61 elementor-section-full_width elementor-section-content-middle elementor-section-height-default elementor-section-height-default gs-locked-section-no\" data-id=\"6fb6e61\" data-element_type=\"section\">\n\t\t\t\t\t\t<div class=\"elementor-container elementor-column-gap-no\">\n\t\t\t\t\t<div class=\"elementor-column elementor-col-50 elementor-top-column elementor-element elementor-element-11c8e1f\" data-id=\"11c8e1f\" data-element_type=\"column\" data-settings=\"{&quot;background_background&quot;:&quot;classic&quot;}\">\n\t\t\t<div class=\"elementor-widget-wrap elementor-element-populated\">\n\t\t\t\t\t\t\t\t<div class=\"elementor-element elementor-element-1c61a6c elementor-widget elementor-widget-spacer\" data-id=\"1c61a6c\" data-element_type=\"widget\" data-widget_type=\"spacer.default\">\n\t\t\t\t<div class=\"elementor-widget-container\">\n\t\t\t<style>\/*! elementor - v3.6.4 - 13-04-2022 *\/\n.e-container.e-container--row .elementor-spacer-inner{width:var(--spacer-size)}.e-container.e-container--column .elementor-spacer-inner,.elementor-column .elementor-spacer-inner{height:var(--spacer-size)}<\/style>\t\t<div class=\"elementor-spacer\">\n\t\t\t<div class=\"elementor-spacer-inner\"><\/div>\n\t\t<\/div>\n\t\t\t\t<\/div>\n\t\t\t\t<\/div>\n\t\t\t\t\t<\/div>\n\t\t<\/div>\n\t\t\t\t<div class=\"elementor-column elementor-col-50 elementor-top-column elementor-element elementor-element-bce9ab6\" data-id=\"bce9ab6\" data-element_type=\"column\" data-settings=\"{&quot;background_background&quot;:&quot;classic&quot;}\">\n\t\t\t<div class=\"elementor-widget-wrap elementor-element-populated\">\n\t\t\t\t\t\t\t\t<div class=\"elementor-element elementor-element-0d2aaf5 elementor-widget elementor-widget-grada-section-title\" data-id=\"0d2aaf5\" data-element_type=\"widget\" data-widget_type=\"grada-section-title.default\">\n\t\t\t\t<div class=\"elementor-widget-container\">\n\t\t\t            <div class=\"gs-section-title-holder\">\n                \t\t\t\t    <span class=\"gs-section-tagline\">Milers de projectes ens avalen<\/span>\n                                                    <div class=\"gs-section-title-inner\">\n\t                    \t\t                    <h1 class=\"gs-section-title\">M\u00e9s de 40 anys d&#039;experi\u00e8ncia<\/h1>\t                    \t\t\t                                        <div class=\"gs-section-title-content\">\n\t                            <p>I \u00e9s que no hi ha m\u00e9s aval de la feina ben feta, que perdurar en el temps. Fa m\u00e9s de 40 anys que fem realitat els vostres somnis, i volem continuar fent-ho. No hi ha feina m\u00e9s gratificant per a nosaltres. A qu\u00e8 est\u00e0 esperant a venir a visitar-nos?<\/p>\n                            <\/div>\n                                            <\/div>\n                \t\t\t<\/div>\n\t\t\t\t<\/div>\n\t\t\t\t<\/div>\n\t\t\t\t<div class=\"elementor-element elementor-element-4256a7e elementor-widget elementor-widget-button\" data-id=\"4256a7e\" data-element_type=\"widget\" data-widget_type=\"button.default\">\n\t\t\t\t<div class=\"elementor-widget-container\">\n\t\t\t\t\t<div class=\"elementor-button-wrapper\">\n\t\t\t<a href=\"http:\/\/decormobel.com\/ca\/reforma-integral\/\" class=\"elementor-button-link elementor-button elementor-size-sm\" role=\"button\">\n\t\t\t\t\t\t<span class=\"elementor-button-content-wrapper\">\n\t\t\t\t\t\t<span class=\"elementor-button-text\">servei de Reforma Integral<\/span>\n\t\t<\/span>\n\t\t\t\t\t<\/a>\n\t\t<\/div>\n\t\t\t\t<\/div>\n\t\t\t\t<\/div>\n\t\t\t\t\t<\/div>\n\t\t<\/div>\n\t\t\t\t\t\t\t<\/div>\n\t\t<\/section>\n\t\t\t\t<section class=\"elementor-section elementor-top-section elementor-element elementor-element-3adca46 elementor-section-full_width elementor-section-height-default elementor-section-height-default\" data-id=\"3adca46\" data-element_type=\"section\">\n\t\t\t\t\t\t<div class=\"elementor-container elementor-column-gap-no\">\n\t\t\t\t\t<div class=\"elementor-column elementor-col-100 elementor-top-column elementor-element elementor-element-008bbc0\" data-id=\"008bbc0\" data-element_type=\"column\">\n\t\t\t<div class=\"elementor-widget-wrap elementor-element-populated\">\n\t\t\t\t\t\t\t\t<div class=\"elementor-element elementor-element-a9dfe72 layout-waves-no elementor-widget elementor-widget-grada-portfolio\" data-id=\"a9dfe72\" data-element_type=\"widget\" data-widget_type=\"grada-portfolio.default\">\n\t\t\t\t<div class=\"elementor-widget-container\">\n\t\t\t\t\t\t<div class=\"gs-entries-wrapper gs-portfolio-custom-cursor gs-entries-filter gs-entries-style-meta-overlay gs-portfolio-wrapper\" data-entries-id=\"a9dfe72\">\n\t\t\t\t\t\t\t\t<div class=\"gs-portfolio-list gs-portfolio-list--meta-overlay gs-overflow-hidden\">\n\t\t\t\t\t\n<div class=\"row isotope-container\" data-entries-source=\"b7d354aa51a801c27486d21dfb0c9986\">\n\t\t\t\t\t<article class=\"iso-item col-lg-3 col-md-6 col-12 cocinas reformas post-574 portfolio type-portfolio status-publish has-post-thumbnail hentry project_cat-cocinas project_cat-reformas\" id=\"id-574\" data-col-num=\"4-columns\" data-entry-id=\"574\">\n\t\t\t<div class=\"entry-holder portfolio-item-holder wow gsFadeIn\" >\n\t\t\t\t<div class=\"gs-portfolio-item gs-portfolio-item--meta-overlay\">\n\t<div class=\"entry-overlay-wrapper\">\n\t\t<div class=\"entry-thumbnail\">\n\t\t\t<a href=\"https:\/\/decormobel.com\/ca\/proyectos\/1003\/\" class=\"entry-thumbnail__link\">\n\t\t\t\t\t\t\t\t\t<div class=\"entry-image-ratio\" style=\"padding-bottom: 75.000000% !important;\">\n\t\t\t\t\t\t<img loading=\"lazy\" decoding=\"async\" width=\"1024\" height=\"768\" src=\"https:\/\/decormobel.com\/wp-content\/uploads\/2020\/08\/3-3.jpg\" class=\"attachment-post-thumbnail size-post-thumbnail wp-post-image\" alt=\"Projecte Reforma de cuina\" srcset=\"https:\/\/decormobel.com\/wp-content\/uploads\/2020\/08\/3-3.jpg 1024w, https:\/\/decormobel.com\/wp-content\/uploads\/2020\/08\/3-3-300x225.jpg 300w, https:\/\/decormobel.com\/wp-content\/uploads\/2020\/08\/3-3-768x576.jpg 768w, https:\/\/decormobel.com\/wp-content\/uploads\/2020\/08\/3-3-600x450.jpg 600w\" sizes=\"auto, (max-width: 1024px) 100vw, 1024px\" \/>\t\t\t\t\t<\/div>\n\t\t\t\t\t\t\t<\/a>\n\t\t<\/div>\n                    <span class=\"entry-thumbnail__overlay\"><\/span>\n                        <div class=\"entry-details d-flex align-items-center\">\n                <div class=\"entry-details__inner\">\n                    <div class=\"portfolio-info\">\n                                                    <h4 class=\"entry-details-title\">\n                                <a href=\"https:\/\/decormobel.com\/ca\/proyectos\/1003\/\">Hist\u00f2ria n\u00fam. 1003<\/a>\n                            <\/h4>\n                        \t                                                <div class=\"entry-details-meta\">\n\t\t\t                    <div class=\"entry-meta-categories gs-divider\">\n    <ul>\n                    <li><a href=\"https:\/\/decormobel.com\/ca\/proyectos-cat\/cuines\/\">Cuines<\/a><\/li>\n                    <li><a href=\"https:\/\/decormobel.com\/ca\/proyectos-cat\/reformes\/\">Reformes<\/a><\/li>\n            <\/ul>\n<\/div>                            <\/div>\n\t                                        <\/div>\n                <\/div>\n                <a href=\"https:\/\/decormobel.com\/ca\/proyectos\/1003\/\"><\/a>\n            <\/div>\n        \t<\/div>\n<\/div>\n\t\t\t<\/div>\n\t\t<\/article>\n\t\t\t\t\t\t<article class=\"iso-item col-lg-3 col-md-6 col-12 cocinas reformas post-45 portfolio type-portfolio status-publish has-post-thumbnail hentry project_cat-cocinas project_cat-reformas\" id=\"id-45\" data-col-num=\"4-columns\" data-entry-id=\"45\">\n\t\t\t<div class=\"entry-holder portfolio-item-holder wow gsFadeIn\" >\n\t\t\t\t<div class=\"gs-portfolio-item gs-portfolio-item--meta-overlay\">\n\t<div class=\"entry-overlay-wrapper\">\n\t\t<div class=\"entry-thumbnail\">\n\t\t\t<a href=\"https:\/\/decormobel.com\/ca\/proyectos\/1017\/\" class=\"entry-thumbnail__link\">\n\t\t\t\t\t\t\t\t\t<div class=\"entry-image-ratio\" style=\"padding-bottom: 75.000000% !important;\">\n\t\t\t\t\t\t<img loading=\"lazy\" decoding=\"async\" width=\"1024\" height=\"768\" src=\"https:\/\/decormobel.com\/wp-content\/uploads\/2020\/08\/proyecto_1017.jpg\" class=\"attachment-post-thumbnail size-post-thumbnail wp-post-image\" alt=\"Projecte acabat client\" srcset=\"https:\/\/decormobel.com\/wp-content\/uploads\/2020\/08\/proyecto_1017.jpg 1024w, https:\/\/decormobel.com\/wp-content\/uploads\/2020\/08\/proyecto_1017-300x225.jpg 300w, https:\/\/decormobel.com\/wp-content\/uploads\/2020\/08\/proyecto_1017-768x576.jpg 768w, https:\/\/decormobel.com\/wp-content\/uploads\/2020\/08\/proyecto_1017-600x450.jpg 600w\" sizes=\"auto, (max-width: 1024px) 100vw, 1024px\" \/>\t\t\t\t\t<\/div>\n\t\t\t\t\t\t\t<\/a>\n\t\t<\/div>\n                    <span class=\"entry-thumbnail__overlay\"><\/span>\n                        <div class=\"entry-details d-flex align-items-center\">\n                <div class=\"entry-details__inner\">\n                    <div class=\"portfolio-info\">\n                                                    <h4 class=\"entry-details-title\">\n                                <a href=\"https:\/\/decormobel.com\/ca\/proyectos\/1017\/\">Hist\u00f2ria n\u00fam. 1017<\/a>\n                            <\/h4>\n                        \t                                                <div class=\"entry-details-meta\">\n\t\t\t                    <div class=\"entry-meta-categories gs-divider\">\n    <ul>\n                    <li><a href=\"https:\/\/decormobel.com\/ca\/proyectos-cat\/cuines\/\">Cuines<\/a><\/li>\n                    <li><a href=\"https:\/\/decormobel.com\/ca\/proyectos-cat\/reformes\/\">Reformes<\/a><\/li>\n            <\/ul>\n<\/div>                            <\/div>\n\t                                        <\/div>\n                <\/div>\n                <a href=\"https:\/\/decormobel.com\/ca\/proyectos\/1017\/\"><\/a>\n            <\/div>\n        \t<\/div>\n<\/div>\n\t\t\t<\/div>\n\t\t<\/article>\n\t\t\t\t\t\t<article class=\"iso-item col-lg-3 col-md-6 col-12 cocinas reformas post-47 portfolio type-portfolio status-publish has-post-thumbnail hentry project_cat-cocinas project_cat-reformas\" id=\"id-47\" data-col-num=\"4-columns\" data-entry-id=\"47\">\n\t\t\t<div class=\"entry-holder portfolio-item-holder wow gsFadeIn\" >\n\t\t\t\t<div class=\"gs-portfolio-item gs-portfolio-item--meta-overlay\">\n\t<div class=\"entry-overlay-wrapper\">\n\t\t<div class=\"entry-thumbnail\">\n\t\t\t<a href=\"https:\/\/decormobel.com\/ca\/proyectos\/1022\/\" class=\"entry-thumbnail__link\">\n\t\t\t\t\t\t\t\t\t<div class=\"entry-image-ratio\" style=\"padding-bottom: 75.000000% !important;\">\n\t\t\t\t\t\t<img loading=\"lazy\" decoding=\"async\" width=\"1024\" height=\"768\" src=\"https:\/\/decormobel.com\/wp-content\/uploads\/2020\/08\/3-2.jpg\" class=\"attachment-post-thumbnail size-post-thumbnail wp-post-image\" alt=\"Reforma de cuina integral\" srcset=\"https:\/\/decormobel.com\/wp-content\/uploads\/2020\/08\/3-2.jpg 1024w, https:\/\/decormobel.com\/wp-content\/uploads\/2020\/08\/3-2-300x225.jpg 300w, https:\/\/decormobel.com\/wp-content\/uploads\/2020\/08\/3-2-768x576.jpg 768w, https:\/\/decormobel.com\/wp-content\/uploads\/2020\/08\/3-2-600x450.jpg 600w\" sizes=\"auto, (max-width: 1024px) 100vw, 1024px\" \/>\t\t\t\t\t<\/div>\n\t\t\t\t\t\t\t<\/a>\n\t\t<\/div>\n                    <span class=\"entry-thumbnail__overlay\"><\/span>\n                        <div class=\"entry-details d-flex align-items-center\">\n                <div class=\"entry-details__inner\">\n                    <div class=\"portfolio-info\">\n                                                    <h4 class=\"entry-details-title\">\n                                <a href=\"https:\/\/decormobel.com\/ca\/proyectos\/1022\/\">Hist\u00f2ria n\u00fam. 1022<\/a>\n                            <\/h4>\n                        \t                                                <div class=\"entry-details-meta\">\n\t\t\t                    <div class=\"entry-meta-categories gs-divider\">\n    <ul>\n                    <li><a href=\"https:\/\/decormobel.com\/ca\/proyectos-cat\/cuines\/\">Cuines<\/a><\/li>\n                    <li><a href=\"https:\/\/decormobel.com\/ca\/proyectos-cat\/reformes\/\">Reformes<\/a><\/li>\n            <\/ul>\n<\/div>                            <\/div>\n\t                                        <\/div>\n                <\/div>\n                <a href=\"https:\/\/decormobel.com\/ca\/proyectos\/1022\/\"><\/a>\n            <\/div>\n        \t<\/div>\n<\/div>\n\t\t\t<\/div>\n\t\t<\/article>\n\t\t\t\t\t\t<article class=\"iso-item col-lg-3 col-md-6 col-12 cocinas reformas post-50 portfolio type-portfolio status-publish has-post-thumbnail hentry project_cat-cocinas project_cat-reformas\" id=\"id-50\" data-col-num=\"4-columns\" data-entry-id=\"50\">\n\t\t\t<div class=\"entry-holder portfolio-item-holder wow gsFadeIn\" >\n\t\t\t\t<div class=\"gs-portfolio-item gs-portfolio-item--meta-overlay\">\n\t<div class=\"entry-overlay-wrapper\">\n\t\t<div class=\"entry-thumbnail\">\n\t\t\t<a href=\"https:\/\/decormobel.com\/ca\/proyectos\/1018\/\" class=\"entry-thumbnail__link\">\n\t\t\t\t\t\t\t\t\t<div class=\"entry-image-ratio\" style=\"padding-bottom: 75.000000% !important;\">\n\t\t\t\t\t\t<img loading=\"lazy\" decoding=\"async\" width=\"1024\" height=\"768\" src=\"https:\/\/decormobel.com\/wp-content\/uploads\/2022\/03\/3.jpg\" class=\"attachment-post-thumbnail size-post-thumbnail wp-post-image\" alt=\"Resultat cuina reformada\" srcset=\"https:\/\/decormobel.com\/wp-content\/uploads\/2022\/03\/3.jpg 1024w, https:\/\/decormobel.com\/wp-content\/uploads\/2022\/03\/3-300x225.jpg 300w, https:\/\/decormobel.com\/wp-content\/uploads\/2022\/03\/3-768x576.jpg 768w, https:\/\/decormobel.com\/wp-content\/uploads\/2022\/03\/3-600x450.jpg 600w\" sizes=\"auto, (max-width: 1024px) 100vw, 1024px\" \/>\t\t\t\t\t<\/div>\n\t\t\t\t\t\t\t<\/a>\n\t\t<\/div>\n                    <span class=\"entry-thumbnail__overlay\"><\/span>\n                        <div class=\"entry-details d-flex align-items-center\">\n                <div class=\"entry-details__inner\">\n                    <div class=\"portfolio-info\">\n                                                    <h4 class=\"entry-details-title\">\n                                <a href=\"https:\/\/decormobel.com\/ca\/proyectos\/1018\/\">Hist\u00f2ria n\u00fam. 1018<\/a>\n                            <\/h4>\n                        \t                                                <div class=\"entry-details-meta\">\n\t\t\t                    <div class=\"entry-meta-categories gs-divider\">\n    <ul>\n                    <li><a href=\"https:\/\/decormobel.com\/ca\/proyectos-cat\/cuines\/\">Cuines<\/a><\/li>\n                    <li><a href=\"https:\/\/decormobel.com\/ca\/proyectos-cat\/reformes\/\">Reformes<\/a><\/li>\n            <\/ul>\n<\/div>                            <\/div>\n\t                                        <\/div>\n                <\/div>\n                <a href=\"https:\/\/decormobel.com\/ca\/proyectos\/1018\/\"><\/a>\n            <\/div>\n        \t<\/div>\n<\/div>\n\t\t\t<\/div>\n\t\t<\/article>\n\t\t\t\t\t\t<article class=\"iso-item col-lg-3 col-md-6 col-12 cocinas reformas post-52 portfolio type-portfolio status-publish has-post-thumbnail hentry project_cat-cocinas project_cat-reformas\" id=\"id-52\" data-col-num=\"4-columns\" data-entry-id=\"52\">\n\t\t\t<div class=\"entry-holder portfolio-item-holder wow gsFadeIn\" >\n\t\t\t\t<div class=\"gs-portfolio-item gs-portfolio-item--meta-overlay\">\n\t<div class=\"entry-overlay-wrapper\">\n\t\t<div class=\"entry-thumbnail\">\n\t\t\t<a href=\"https:\/\/decormobel.com\/ca\/proyectos\/986\/\" class=\"entry-thumbnail__link\">\n\t\t\t\t\t\t\t\t\t<div class=\"entry-image-ratio\" style=\"padding-bottom: 75.000000% !important;\">\n\t\t\t\t\t\t<img loading=\"lazy\" decoding=\"async\" width=\"1024\" height=\"768\" src=\"https:\/\/decormobel.com\/wp-content\/uploads\/2022\/03\/4.jpg\" class=\"attachment-post-thumbnail size-post-thumbnail wp-post-image\" alt=\"Despr\u00e9s reforma cuina\" srcset=\"https:\/\/decormobel.com\/wp-content\/uploads\/2022\/03\/4.jpg 1024w, https:\/\/decormobel.com\/wp-content\/uploads\/2022\/03\/4-300x225.jpg 300w, https:\/\/decormobel.com\/wp-content\/uploads\/2022\/03\/4-768x576.jpg 768w, https:\/\/decormobel.com\/wp-content\/uploads\/2022\/03\/4-600x450.jpg 600w\" sizes=\"auto, (max-width: 1024px) 100vw, 1024px\" \/>\t\t\t\t\t<\/div>\n\t\t\t\t\t\t\t<\/a>\n\t\t<\/div>\n                    <span class=\"entry-thumbnail__overlay\"><\/span>\n                        <div class=\"entry-details d-flex align-items-center\">\n                <div class=\"entry-details__inner\">\n                    <div class=\"portfolio-info\">\n                                                    <h4 class=\"entry-details-title\">\n                                <a href=\"https:\/\/decormobel.com\/ca\/proyectos\/986\/\">Hist\u00f2ria n\u00fam. 986<\/a>\n                            <\/h4>\n                        \t                                                <div class=\"entry-details-meta\">\n\t\t\t                    <div class=\"entry-meta-categories gs-divider\">\n    <ul>\n                    <li><a href=\"https:\/\/decormobel.com\/ca\/proyectos-cat\/cuines\/\">Cuines<\/a><\/li>\n                    <li><a href=\"https:\/\/decormobel.com\/ca\/proyectos-cat\/reformes\/\">Reformes<\/a><\/li>\n            <\/ul>\n<\/div>                            <\/div>\n\t                                        <\/div>\n                <\/div>\n                <a href=\"https:\/\/decormobel.com\/ca\/proyectos\/986\/\"><\/a>\n            <\/div>\n        \t<\/div>\n<\/div>\n\t\t\t<\/div>\n\t\t<\/article>\n\t\t\t\t\t\t<article class=\"iso-item col-lg-3 col-md-6 col-12 cocinas reformas post-54 portfolio type-portfolio status-publish has-post-thumbnail hentry project_cat-cocinas project_cat-reformas\" id=\"id-54\" data-col-num=\"4-columns\" data-entry-id=\"54\">\n\t\t\t<div class=\"entry-holder portfolio-item-holder wow gsFadeIn\" >\n\t\t\t\t<div class=\"gs-portfolio-item gs-portfolio-item--meta-overlay\">\n\t<div class=\"entry-overlay-wrapper\">\n\t\t<div class=\"entry-thumbnail\">\n\t\t\t<a href=\"https:\/\/decormobel.com\/ca\/proyectos\/1019\/\" class=\"entry-thumbnail__link\">\n\t\t\t\t\t\t\t\t\t<div class=\"entry-image-ratio\" style=\"padding-bottom: 75.000000% !important;\">\n\t\t\t\t\t\t<img loading=\"lazy\" decoding=\"async\" width=\"1024\" height=\"768\" src=\"https:\/\/decormobel.com\/wp-content\/uploads\/2020\/08\/3-4.jpg\" class=\"attachment-post-thumbnail size-post-thumbnail wp-post-image\" alt=\"Reforma cuina resultat\" srcset=\"https:\/\/decormobel.com\/wp-content\/uploads\/2020\/08\/3-4.jpg 1024w, https:\/\/decormobel.com\/wp-content\/uploads\/2020\/08\/3-4-300x225.jpg 300w, https:\/\/decormobel.com\/wp-content\/uploads\/2020\/08\/3-4-768x576.jpg 768w, https:\/\/decormobel.com\/wp-content\/uploads\/2020\/08\/3-4-600x450.jpg 600w\" sizes=\"auto, (max-width: 1024px) 100vw, 1024px\" \/>\t\t\t\t\t<\/div>\n\t\t\t\t\t\t\t<\/a>\n\t\t<\/div>\n                    <span class=\"entry-thumbnail__overlay\"><\/span>\n                        <div class=\"entry-details d-flex align-items-center\">\n                <div class=\"entry-details__inner\">\n                    <div class=\"portfolio-info\">\n                                                    <h4 class=\"entry-details-title\">\n                                <a href=\"https:\/\/decormobel.com\/ca\/proyectos\/1019\/\">Hist\u00f2ria n\u00fam. 1019<\/a>\n                            <\/h4>\n                        \t                                                <div class=\"entry-details-meta\">\n\t\t\t                    <div class=\"entry-meta-categories gs-divider\">\n    <ul>\n                    <li><a href=\"https:\/\/decormobel.com\/ca\/proyectos-cat\/cuines\/\">Cuines<\/a><\/li>\n                    <li><a href=\"https:\/\/decormobel.com\/ca\/proyectos-cat\/reformes\/\">Reformes<\/a><\/li>\n            <\/ul>\n<\/div>                            <\/div>\n\t                                        <\/div>\n                <\/div>\n                <a href=\"https:\/\/decormobel.com\/ca\/proyectos\/1019\/\"><\/a>\n            <\/div>\n        \t<\/div>\n<\/div>\n\t\t\t<\/div>\n\t\t<\/article>\n\t\t\t\t\t\t<article class=\"iso-item col-lg-3 col-md-6 col-12 cocinas reformas post-56 portfolio type-portfolio status-publish has-post-thumbnail hentry project_cat-cocinas project_cat-reformas\" id=\"id-56\" data-col-num=\"4-columns\" data-entry-id=\"56\">\n\t\t\t<div class=\"entry-holder portfolio-item-holder wow gsFadeIn\" >\n\t\t\t\t<div class=\"gs-portfolio-item gs-portfolio-item--meta-overlay\">\n\t<div class=\"entry-overlay-wrapper\">\n\t\t<div class=\"entry-thumbnail\">\n\t\t\t<a href=\"https:\/\/decormobel.com\/ca\/proyectos\/1020\/\" class=\"entry-thumbnail__link\">\n\t\t\t\t\t\t\t\t\t<div class=\"entry-image-ratio\" style=\"padding-bottom: 75.000000% !important;\">\n\t\t\t\t\t\t<img loading=\"lazy\" decoding=\"async\" width=\"1024\" height=\"768\" src=\"https:\/\/decormobel.com\/wp-content\/uploads\/2020\/08\/3-1.jpg\" class=\"attachment-post-thumbnail size-post-thumbnail wp-post-image\" alt=\"Resultat Reforma cuina\" srcset=\"https:\/\/decormobel.com\/wp-content\/uploads\/2020\/08\/3-1.jpg 1024w, https:\/\/decormobel.com\/wp-content\/uploads\/2020\/08\/3-1-300x225.jpg 300w, https:\/\/decormobel.com\/wp-content\/uploads\/2020\/08\/3-1-768x576.jpg 768w, https:\/\/decormobel.com\/wp-content\/uploads\/2020\/08\/3-1-600x450.jpg 600w\" sizes=\"auto, (max-width: 1024px) 100vw, 1024px\" \/>\t\t\t\t\t<\/div>\n\t\t\t\t\t\t\t<\/a>\n\t\t<\/div>\n                    <span class=\"entry-thumbnail__overlay\"><\/span>\n                        <div class=\"entry-details d-flex align-items-center\">\n                <div class=\"entry-details__inner\">\n                    <div class=\"portfolio-info\">\n                                                    <h4 class=\"entry-details-title\">\n                                <a href=\"https:\/\/decormobel.com\/ca\/proyectos\/1020\/\">Hist\u00f2ria n\u00fam. 1020<\/a>\n                            <\/h4>\n                        \t                                                <div class=\"entry-details-meta\">\n\t\t\t                    <div class=\"entry-meta-categories gs-divider\">\n    <ul>\n                    <li><a href=\"https:\/\/decormobel.com\/ca\/proyectos-cat\/cuines\/\">Cuines<\/a><\/li>\n                    <li><a href=\"https:\/\/decormobel.com\/ca\/proyectos-cat\/reformes\/\">Reformes<\/a><\/li>\n            <\/ul>\n<\/div>                            <\/div>\n\t                                        <\/div>\n                <\/div>\n                <a href=\"https:\/\/decormobel.com\/ca\/proyectos\/1020\/\"><\/a>\n            <\/div>\n        \t<\/div>\n<\/div>\n\t\t\t<\/div>\n\t\t<\/article>\n\t\t\t\t\t\t<article class=\"iso-item col-lg-3 col-md-6 col-12 cocinas reformas post-58 portfolio type-portfolio status-publish has-post-thumbnail hentry project_cat-cocinas project_cat-reformas\" id=\"id-58\" data-col-num=\"4-columns\" data-entry-id=\"58\">\n\t\t\t<div class=\"entry-holder portfolio-item-holder wow gsFadeIn\" >\n\t\t\t\t<div class=\"gs-portfolio-item gs-portfolio-item--meta-overlay\">\n\t<div class=\"entry-overlay-wrapper\">\n\t\t<div class=\"entry-thumbnail\">\n\t\t\t<a href=\"https:\/\/decormobel.com\/ca\/proyectos\/1021\/\" class=\"entry-thumbnail__link\">\n\t\t\t\t\t\t\t\t\t<div class=\"entry-image-ratio\" style=\"padding-bottom: 75.000000% !important;\">\n\t\t\t\t\t\t<img loading=\"lazy\" decoding=\"async\" width=\"1024\" height=\"768\" src=\"https:\/\/decormobel.com\/wp-content\/uploads\/2020\/08\/4.jpg\" class=\"attachment-post-thumbnail size-post-thumbnail wp-post-image\" alt=\"Projecte de reforma cuina\" srcset=\"https:\/\/decormobel.com\/wp-content\/uploads\/2020\/08\/4.jpg 1024w, https:\/\/decormobel.com\/wp-content\/uploads\/2020\/08\/4-300x225.jpg 300w, https:\/\/decormobel.com\/wp-content\/uploads\/2020\/08\/4-768x576.jpg 768w, https:\/\/decormobel.com\/wp-content\/uploads\/2020\/08\/4-600x450.jpg 600w\" sizes=\"auto, (max-width: 1024px) 100vw, 1024px\" \/>\t\t\t\t\t<\/div>\n\t\t\t\t\t\t\t<\/a>\n\t\t<\/div>\n                    <span class=\"entry-thumbnail__overlay\"><\/span>\n                        <div class=\"entry-details d-flex align-items-center\">\n                <div class=\"entry-details__inner\">\n                    <div class=\"portfolio-info\">\n                                                    <h4 class=\"entry-details-title\">\n                                <a href=\"https:\/\/decormobel.com\/ca\/proyectos\/1021\/\">Hist\u00f2ria n\u00fam. 1021<\/a>\n                            <\/h4>\n                        \t                                                <div class=\"entry-details-meta\">\n\t\t\t                    <div class=\"entry-meta-categories gs-divider\">\n    <ul>\n                    <li><a href=\"https:\/\/decormobel.com\/ca\/proyectos-cat\/cuines\/\">Cuines<\/a><\/li>\n                    <li><a href=\"https:\/\/decormobel.com\/ca\/proyectos-cat\/reformes\/\">Reformes<\/a><\/li>\n            <\/ul>\n<\/div>                            <\/div>\n\t                                        <\/div>\n                <\/div>\n                <a href=\"https:\/\/decormobel.com\/ca\/proyectos\/1021\/\"><\/a>\n            <\/div>\n        \t<\/div>\n<\/div>\n\t\t\t<\/div>\n\t\t<\/article>\n\t\t<\/div>\n\n\n\n\t\t\t\t<\/div>\n\t\t\t<\/div>\n\t\t\t\t<\/div>\n\t\t\t\t<\/div>\n\t\t\t\t\t<\/div>\n\t\t<\/div>\n\t\t\t\t\t\t\t<\/div>\n\t\t<\/section>\n\t\t\t\t\t\t\t<\/div>","protected":false},"excerpt":{"rendered":"<p>Milers de projectes ens avalen M\u00e9s de 40 anys d&#039;experi\u00e8ncia I \u00e9s que no hi ha m\u00e9s aval de la feina ben feta, que\u2026<\/p>","protected":false},"author":1,"featured_media":0,"parent":0,"menu_order":0,"comment_status":"closed","ping_status":"closed","template":"","meta":{"_acf_changed":false,"_themeisle_gutenberg_block_has_review":false,"footnotes":""},"class_list":["post-424","page","type-page","status-publish","hentry"],"acf":[],"_links":{"self":[{"href":"https:\/\/decormobel.com\/ca\/wp-json\/wp\/v2\/pages\/424","targetHints":{"allow":["GET"]}}],"collection":[{"href":"https:\/\/decormobel.com\/ca\/wp-json\/wp\/v2\/pages"}],"about":[{"href":"https:\/\/decormobel.com\/ca\/wp-json\/wp\/v2\/types\/page"}],"author":[{"embeddable":true,"href":"https:\/\/decormobel.com\/ca\/wp-json\/wp\/v2\/users\/1"}],"replies":[{"embeddable":true,"href":"https:\/\/decormobel.com\/ca\/wp-json\/wp\/v2\/comments?post=424"}],"version-history":[{"count":301,"href":"https:\/\/decormobel.com\/ca\/wp-json\/wp\/v2\/pages\/424\/revisions"}],"predecessor-version":[{"id":7822,"href":"https:\/\/decormobel.com\/ca\/wp-json\/wp\/v2\/pages\/424\/revisions\/7822"}],"wp:attachment":[{"href":"https:\/\/decormobel.com\/ca\/wp-json\/wp\/v2\/media?parent=424"}],"curies":[{"name":"wp","href":"https:\/\/api.w.org\/{rel}","templated":true}]}}