{"id":4907,"date":"2021-10-07T09:55:42","date_gmt":"2021-10-07T09:55:42","guid":{"rendered":"http:\/\/decormobel.com\/?page_id=4907"},"modified":"2022-03-24T11:12:45","modified_gmt":"2022-03-24T11:12:45","slug":"politica-de-privacidad","status":"publish","type":"page","link":"https:\/\/decormobel.com\/ca\/politica-de-privadesa\/","title":{"rendered":"Pol\u00edtica de privadesa"},"content":{"rendered":"<div id=\"wp-block-themeisle-blocks-advanced-columns-ae921004\" class=\"wp-block-themeisle-blocks-advanced-columns has-1-columns has-desktop-equal-layout has-tablet-equal-layout has-mobile-equal-layout has-vertical-unset has-default-gap\"><div class=\"wp-block-themeisle-blocks-advanced-columns-overlay\"><\/div><div class=\"innerblocks-wrap\"><div id=\"wp-block-themeisle-blocks-advanced-column-af6f2e03\" class=\"wp-block-themeisle-blocks-advanced-column\"><p>A DECOR MOBEL DE PAYR\u00c0, SL treballem per garantir la privadesa en el tractament de les seves dades personals. Hem actualitzat la nostra Pol\u00edtica de Privadesa per informar clarament de com recaptem, utilitzem i custodiem les dades de les persones que contacten amb la nostra empresa:<\/p>\n\n<ul class=\"wp-block-list\"><li>Responsable del tractament<\/li><li>Finalitats del tractament de dades<\/li><li>Per\u00edode de conservaci\u00f3 de dades<\/li><li>Legitimaci\u00f3 per al tractament de dades<\/li><li>Comunicaci\u00f3 de dades<\/li><li>Transfer\u00e8ncies internacionals de dades<\/li><li>Els seus drets<\/li><li>Obtenci\u00f3 de les vostres dades.<\/li><\/ul>\n\n<p><strong>Qui \u00e9s el responsable del tractament de les vostres dades?<\/strong><\/p>\n\n<p>Ra\u00f3 social: DECOR MOBEL DE PAYR\u00c0, SL<\/p>\n\n<p>Nom comercial: DECOR MOBEL DE PAYR\u00c0<\/p>\n\n<p>NIF: B-17041278<\/p>\n\n<p>Adre\u00e7a postal: CTRA. DE FIGUERS A ROSES KM. 3 \u2013 17485 VILA-SACRA (Girona)<\/p>\n\n<p>Tel\u00e8fon: +34 972 506 454<\/p>\n\n<p>Correu electr\u00f2nic: rgpd@decormobel.com<\/p>\n\n<p><strong>Amb quina finalitat tractem les vostres dades personals?<\/strong><\/p>\n\n<p>A DECOR MOBEL DE PAYR\u00c0, SL el tractament es realitza amb les seg\u00fcents finalitats, en funci\u00f3 del motiu pel qual ens els hagi facilitat:<\/p>\n\n<ol class=\"wp-block-list\"><li>Gestionar dades facilitades directament pel propi interessat, tant a nivell particular com professional, per informar-lo dels nostres productes i serveis, donar resposta a la seva sol\u00b7licitud, petici\u00f3 o consulta i fer-ne un seguiment posterior.<\/li><li>Gestionar, les dades proporcionades pel client en el moment de contractar els nostres serveis, a nivell organitzatiu, comptable, fiscal i administratiu, aix\u00ed com per informar-vos sobre serveis, esdeveniments i not\u00edcies relacionades amb la nostra activitat professional que puguin ser del vostre inter\u00e8s.<\/li><li>Gestionar les dades particulars o professionals de l&#039;USUARI per la seva participaci\u00f3 en els diferents esdeveniments i activitats que organitzem i ens hagin autoritzat per informar-vos sobre altres activitats o esdeveniments que puguem organitzar i que puguin ser del vostre inter\u00e8s.<\/li><li>Realitzar, si escau, el perfil d&#039;USUARI per oferir-vos els nostres productes i serveis.<\/li><\/ol>\n\n<p><strong>Per quant de temps conservarem les vostres dades?<\/strong><\/p>\n\n<ul class=\"wp-block-list\"><li>Les dades per a la gesti\u00f3 de la&nbsp;<strong>relaci\u00f3 amb el client i la facturaci\u00f3 i cobrament dels serveis<\/strong>seran conservats durant tot el temps en qu\u00e8 el contracte estigui vigent. Un cop finalitzada aquesta relaci\u00f3, si escau, les dades podran ser conservades durant el temps exigit per la legislaci\u00f3 aplicable i fins que prescriguin les eventuals responsabilitats derivades del contracte.<\/li><li>Les dades relatives a&nbsp;<strong>publicacions de comentaris<\/strong>sobre els nostres productes es mantindran durant la vig\u00e8ncia i publicitat dels productes o serveis a qu\u00e8 fan refer\u00e8ncia, llevat que se n&#039;expressi el desig que siguin eliminats en qualsevol moment.<\/li><li>Les dades per a la&nbsp;<strong>participaci\u00f3 en esdeveniments i activitats es<\/strong>&nbsp;conservaran durant el temps necessari per a les finalitats descrites, llevat que se n&#039;hagi oposat al tractament o els hagi cancel\u00b7lat pr\u00e8viament.<\/li><li>Les dades per a l&#039;enviament de&nbsp;<strong>comunicacions comercials i elaboraci\u00f3 de perfils comercials<\/strong>dels nostres productes o serveis seran conservats indefinidament fins que, si escau, ens manifestin la seva voluntat de suprimir-los.<\/li><\/ul>\n\n<p><strong>Quina \u00e9s la legitimaci\u00f3 per al tractament de les vostres dades?<\/strong><\/p>\n\n<ul class=\"wp-block-list\"><li>La base legal per al tractament de les vostres dades de les finalitats 1 a 3 \u00e9s l&#039;execuci\u00f3 contractual de la prestaci\u00f3 del servei<\/li><li>L&#039;oferta prospectiva de productes i serveis a clients t\u00e9 com a base la satisfacci\u00f3 de l&#039;inter\u00e8s leg\u00edtim empresarial consistent a oferir als nostres clients la contractaci\u00f3 d&#039;altres productes o serveis i aconseguir aix\u00ed la seva fidelitzaci\u00f3. Aquest inter\u00e8s leg\u00edtim es reconeix per la normativa legal aplicable (Reglament General de Protecci\u00f3 de Dades), que permet expressament el tractament de dades personals sobre aquesta base legal amb fins de m\u00e0rqueting directe.<\/li><\/ul>\n\n<p>No obstant aix\u00f2, us recordem que teniu dret a oposar-vos a aquest tractament de les vostres dades, podent fer-ho per qualsevol dels mitjans descrits en aquesta Pol\u00edtica.<\/p>\n\n<ul class=\"wp-block-list\"><li>La base de l&#039;enviament de comunicacions comercials a usuaris no clients \u00e9s el consentiment de l&#039;interessat que s&#039;ha sol\u00b7licitat i es pot revocar en qualsevol moment. La retirada del consentiment esmentat no afectar\u00e0 en cap cas l&#039;execuci\u00f3 del contracte, per\u00f2 els tractaments de dades amb aquesta finalitat efectuats amb anterioritat no perdran la seva licitud pel fet que el consentiment s&#039;hagi revocat.<\/li><\/ul>\n\n<p><strong>A quins destinataris es comunicaran les vostres dades?<\/strong><\/p>\n\n<p>No se cediran dades a tercers excepte a:<\/p>\n\n<ul class=\"wp-block-list\"><li>A les&nbsp;<strong>entitats financeres<\/strong>mitjan\u00e7ant les quals s&#039;articuli la gesti\u00f3 de cobraments i pagaments.<\/li><li>A les&nbsp;<strong>Administracions p\u00fabliques<\/strong>competents, en els casos previstos a la Llei i per als fins que s&#039;hi defineixin.<\/li><\/ul>\n\n<p><strong>Transfer\u00e8ncies de dades a tercers pa\u00efsos?<\/strong><\/p>\n\n<p>No es fan transfer\u00e8ncies internacionals de dades.<\/p>\n\n<p><strong>Quins s\u00f3n els vostres drets quan ens facilita les vostres dades?<\/strong><\/p>\n\n<ul class=\"wp-block-list\"><li>Qualsevol persona t\u00e9 dret a obtenir confirmaci\u00f3 sobre si a DECOR MOBEL DE PAYR\u00c0, SL estem tractant dades personals que els concerneixin, o no.<\/li><li>Les persones interessades tenen dret a accedir a les seves dades personals, aix\u00ed com a sol\u00b7licitar la rectificaci\u00f3 de les dades inexactes o, si escau, sol\u00b7licitar la seva supressi\u00f3 quan, entre altres motius, les dades ja no siguin necess\u00e0ries per als fins per als quals van ser recollits.<\/li><li>En determinades circumst\u00e0ncies, els interessats podran sol\u00b7licitar la limitaci\u00f3 del tractament de les dades o la portabilitat, en aquest cas \u00fanicament les conservarem per a l&#039;exercici o la defensa de reclamacions.<\/li><li>En determinades circumst\u00e0ncies i per motius relacionats amb la seva situaci\u00f3 particular, els interessats es poden oposar al tractament de les seves dades. En aquest cas, DECOR MOBEL DE PAYR\u00c0, SL deixar\u00e0 de tractar les dades, excepte per motius leg\u00edtims imperiosos, o lexercici o la defensa de possibles reclamacions.<\/li><\/ul>\n\n<p>Vost\u00e8 podr\u00e0 exercir materialment els seus drets de la manera seg\u00fcent:<\/p>\n\n<ul class=\"wp-block-list\"><li>Per correu electr\u00f2nic adjuntant c\u00f2pia del vostre DNI a: rgpd@decormobel.com.<\/li><li>Per correu postal: Carretera de Figueres a Roses Km-3 \u2013 17485 Vila-Sacra (Girona), adjuntant fotoc\u00f2pia del DNI.<\/li><li>A l&#039;adre\u00e7a de correu electr\u00f2nic i correu postal indicada, us proporcionarem els formularis corresponents per exercitar materialment aquests drets.<\/li><\/ul>\n\n<ul class=\"wp-block-list\"><li>Si heu atorgat el vostre consentiment per a alguna finalitat concreta, teniu dret a retirar el consentiment atorgat en qualsevol moment, sense que aix\u00f2 afecti la licitud del tractament basat en el vostre consentiment previ a la seva retirada.<\/li><li>En cas que consideri vulnerats els seus drets perqu\u00e8 es refereix a la protecci\u00f3 de les seves dades personals, especialment quan no hagi obtingut satisfacci\u00f3 en l&#039;exercici dels seus drets, pot presentar una reclamaci\u00f3 davant de l&#039;Autoritat de Control en mat\u00e8ria de protecci\u00f3 de dades competent a trav\u00e9s del seu lloc web:&nbsp;<a href=\"http:\/\/www.agpd.es\/\">agpd.es<\/a>.<\/li><\/ul>\n\n<p><strong>Com hem obtingut les vostres dades?<\/strong><\/p>\n\n<ul class=\"wp-block-list\"><li>Les dades personals que tractem a DECOR MOBEL DE PAYR\u00c0, SL procedeixen dels mateixos interessats o del seu representant legal.<\/li><\/ul>\n\n<ul class=\"wp-block-list\"><li>Us recordem que no heu de facilitar dades de tercers llevat que se&#039;n tingui autoritzaci\u00f3 i se&#039;ls hagi informat pr\u00e8viament.<\/li><\/ul>\n\n<ul class=\"wp-block-list\"><li>No es tracten categories especials de dades personals (s\u00f3n aquelles dades que revelen l&#039;origen \u00e8tnic o racial, les opinions pol\u00edtiques, les conviccions religioses o filos\u00f2fiques, o l&#039;afiliaci\u00f3 sindical, dades gen\u00e8tiques, dades biom\u00e8triques adre\u00e7ades a identificar de manera un\u00edvoca una persona f\u00edsica , dades relatives a la salut o dades relatives a la vida sexual o quina \u00e9s l&#039;orientaci\u00f3 sexual d&#039;una persona f\u00edsica).<\/li><\/ul><\/div><\/div><\/div>","protected":false},"excerpt":{"rendered":"","protected":false},"author":1,"featured_media":0,"parent":0,"menu_order":0,"comment_status":"closed","ping_status":"closed","template":"","meta":{"_acf_changed":false,"_themeisle_gutenberg_block_has_review":false,"footnotes":""},"class_list":["post-4907","page","type-page","status-publish","hentry"],"acf":[],"_links":{"self":[{"href":"https:\/\/decormobel.com\/ca\/wp-json\/wp\/v2\/pages\/4907","targetHints":{"allow":["GET"]}}],"collection":[{"href":"https:\/\/decormobel.com\/ca\/wp-json\/wp\/v2\/pages"}],"about":[{"href":"https:\/\/decormobel.com\/ca\/wp-json\/wp\/v2\/types\/page"}],"author":[{"embeddable":true,"href":"https:\/\/decormobel.com\/ca\/wp-json\/wp\/v2\/users\/1"}],"replies":[{"embeddable":true,"href":"https:\/\/decormobel.com\/ca\/wp-json\/wp\/v2\/comments?post=4907"}],"version-history":[{"count":6,"href":"https:\/\/decormobel.com\/ca\/wp-json\/wp\/v2\/pages\/4907\/revisions"}],"predecessor-version":[{"id":7106,"href":"https:\/\/decormobel.com\/ca\/wp-json\/wp\/v2\/pages\/4907\/revisions\/7106"}],"wp:attachment":[{"href":"https:\/\/decormobel.com\/ca\/wp-json\/wp\/v2\/media?parent=4907"}],"curies":[{"name":"wp","href":"https:\/\/api.w.org\/{rel}","templated":true}]}}