{"id":4096,"date":"2021-08-17T09:44:49","date_gmt":"2021-08-17T09:44:49","guid":{"rendered":"http:\/\/decormobel.com\/?post_type=product&#038;p=4096"},"modified":"2022-04-07T14:21:12","modified_gmt":"2022-04-07T14:21:12","slug":"start-time","status":"publish","type":"product","link":"https:\/\/decormobel.com\/ca\/productos\/start-time\/","title":{"rendered":"START-TIME"},"content":{"rendered":"","protected":false},"excerpt":{"rendered":"<h2 class=\"product-detail__title uk-h2 uk-margin-remove-top uk-visible@m\">Comen\u00e7ar amb avantatge.<\/h2>\n<p>START-TIME: comen\u00e7ar amb bon peu, conferint a l&#039;espai de la cuina el sabor jove d&#039;un disseny de l\u00ednies pures, amb colors c\u00e0lids i acabats de fusta que es conjuguen amb les tend\u00e8ncies que s&#039;orienten cap a la naturalitat.<br \/>\nUna nova idea de tirador pel model provat Start-Time. El nou perfil d&#039;alumini inserit al full s&#039;afegeix al sistema d&#039;obertura amb acanalat de Start-Time.Go, que utilitza el c\u00f2mode tirador encastat i el sistema tradicional amb tirador.<\/p>","protected":false},"featured_media":7428,"template":"","meta":{"_acf_changed":false,"_themeisle_gutenberg_block_has_review":false},"product_cat":[59],"product_tag":[91],"class_list":{"0":"post-4096","1":"product","2":"type-product","3":"status-publish","4":"has-post-thumbnail","6":"product_cat-cocinas","7":"product_tag-cocinas","9":"first","10":"instock","11":"shipping-taxable","12":"product-type-simple"},"acf":[],"_links":{"self":[{"href":"https:\/\/decormobel.com\/ca\/wp-json\/wp\/v2\/product\/4096","targetHints":{"allow":["GET"]}}],"collection":[{"href":"https:\/\/decormobel.com\/ca\/wp-json\/wp\/v2\/product"}],"about":[{"href":"https:\/\/decormobel.com\/ca\/wp-json\/wp\/v2\/types\/product"}],"wp:featuredmedia":[{"embeddable":true,"href":"https:\/\/decormobel.com\/ca\/wp-json\/wp\/v2\/media\/7428"}],"wp:attachment":[{"href":"https:\/\/decormobel.com\/ca\/wp-json\/wp\/v2\/media?parent=4096"}],"wp:term":[{"taxonomy":"product_cat","embeddable":true,"href":"https:\/\/decormobel.com\/ca\/wp-json\/wp\/v2\/product_cat?post=4096"},{"taxonomy":"product_tag","embeddable":true,"href":"https:\/\/decormobel.com\/ca\/wp-json\/wp\/v2\/product_tag?post=4096"}],"curies":[{"name":"wp","href":"https:\/\/api.w.org\/{rel}","templated":true}]}}