{"id":4101,"date":"2021-08-17T09:47:04","date_gmt":"2021-08-17T09:47:04","guid":{"rendered":"http:\/\/decormobel.com\/?post_type=product&#038;p=4101"},"modified":"2022-05-16T10:10:23","modified_gmt":"2022-05-16T10:10:23","slug":"ethica","status":"publish","type":"product","link":"https:\/\/decormobel.com\/ca\/productos\/etica\/","title":{"rendered":"ETHICA"},"content":{"rendered":"","protected":false},"excerpt":{"rendered":"<h2 class=\"product-detail__title uk-h2 uk-margin-remove-top uk-visible@m\">Levoluci\u00f3 dun projecte.<\/h2>\n<p>Ethica Decorativo, \u00e9s a dir, l&#039;evoluci\u00f3 d&#039;un dels models m\u00e9s aconseguits de la gamma Veneta Cucine. Una reinterpretaci\u00f3 que ha sorgit a la llum d&#039;una sensibilitat nova cap a la qualitat dels materials de les superf\u00edcies, treballades mitjan\u00e7ant un proc\u00e9s de termoestructuraci\u00f3 que crea un agradable efecte de naturalitat. Innovador \u00e9s el sistema d&#039;obertura de les portes amb tirador encastat a l&#039;espessor i amb perfil, horitzontal per a les bases i vertical per a les columnes, disponible en diversos acabats s&#039;afegeix al sistema d&#039;obertura &#039;tradicional&#039; amb tirador.<\/p>","protected":false},"featured_media":7436,"template":"","meta":{"_acf_changed":false,"_themeisle_gutenberg_block_has_review":false},"product_cat":[59],"product_tag":[91],"class_list":{"0":"post-4101","1":"product","2":"type-product","3":"status-publish","4":"has-post-thumbnail","6":"product_cat-cocinas","7":"product_tag-cocinas","9":"first","10":"instock","11":"shipping-taxable","12":"product-type-simple"},"acf":[],"_links":{"self":[{"href":"https:\/\/decormobel.com\/ca\/wp-json\/wp\/v2\/product\/4101","targetHints":{"allow":["GET"]}}],"collection":[{"href":"https:\/\/decormobel.com\/ca\/wp-json\/wp\/v2\/product"}],"about":[{"href":"https:\/\/decormobel.com\/ca\/wp-json\/wp\/v2\/types\/product"}],"wp:featuredmedia":[{"embeddable":true,"href":"https:\/\/decormobel.com\/ca\/wp-json\/wp\/v2\/media\/7436"}],"wp:attachment":[{"href":"https:\/\/decormobel.com\/ca\/wp-json\/wp\/v2\/media?parent=4101"}],"wp:term":[{"taxonomy":"product_cat","embeddable":true,"href":"https:\/\/decormobel.com\/ca\/wp-json\/wp\/v2\/product_cat?post=4101"},{"taxonomy":"product_tag","embeddable":true,"href":"https:\/\/decormobel.com\/ca\/wp-json\/wp\/v2\/product_tag?post=4101"}],"curies":[{"name":"wp","href":"https:\/\/api.w.org\/{rel}","templated":true}]}}