{"id":4115,"date":"2021-08-23T09:52:33","date_gmt":"2021-08-23T09:52:33","guid":{"rendered":"http:\/\/decormobel.com\/?post_type=product&#038;p=4115"},"modified":"2022-04-07T08:11:39","modified_gmt":"2022-04-07T08:11:39","slug":"bali","status":"publish","type":"product","link":"https:\/\/decormobel.com\/ca\/productos\/bali\/","title":{"rendered":"BALI"},"content":{"rendered":"","protected":false},"excerpt":{"rendered":"<p>Bali conjuga la modernitat i l&#039;eleg\u00e0ncia amb naturalitat sense estrid\u00e8ncies. Les l\u00ednies rectes de la seva estructura es combinen amb la informalitat acollidora dels seus respatllers, creant un equilibri nom\u00e9s a l&#039;abast dels dissenys m\u00e9s genials.<\/p>\n<p>Els exquisits materials i cures detalls de costura arrodoneixen una pe\u00e7a cridada a ocupar un lloc predominant en qualsevol estan\u00e7a, mantenint la seva imponent pres\u00e8ncia a qualsevol de les desenes de combinacions i revestiments disponibles.<\/p>\n<p>Les possibilitats de customitzaci\u00f3 de l&#039;impecable estil de Bali es desdoblen gr\u00e0cies a les seves dues versions, Casual i Loft. Dues personalitats clarament diferenciades nom\u00e9s per uns retocs mestres en el disseny dels respatllers.<\/p>","protected":false},"featured_media":7358,"template":"","meta":{"_acf_changed":false,"_themeisle_gutenberg_block_has_review":false},"product_cat":[63],"product_tag":[99,89],"class_list":{"0":"post-4115","1":"product","2":"type-product","3":"status-publish","4":"has-post-thumbnail","6":"product_cat-sofas","7":"product_tag-moradillo","8":"product_tag-sofas","10":"first","11":"instock","12":"shipping-taxable","13":"product-type-simple"},"acf":[],"_links":{"self":[{"href":"https:\/\/decormobel.com\/ca\/wp-json\/wp\/v2\/product\/4115","targetHints":{"allow":["GET"]}}],"collection":[{"href":"https:\/\/decormobel.com\/ca\/wp-json\/wp\/v2\/product"}],"about":[{"href":"https:\/\/decormobel.com\/ca\/wp-json\/wp\/v2\/types\/product"}],"wp:featuredmedia":[{"embeddable":true,"href":"https:\/\/decormobel.com\/ca\/wp-json\/wp\/v2\/media\/7358"}],"wp:attachment":[{"href":"https:\/\/decormobel.com\/ca\/wp-json\/wp\/v2\/media?parent=4115"}],"wp:term":[{"taxonomy":"product_cat","embeddable":true,"href":"https:\/\/decormobel.com\/ca\/wp-json\/wp\/v2\/product_cat?post=4115"},{"taxonomy":"product_tag","embeddable":true,"href":"https:\/\/decormobel.com\/ca\/wp-json\/wp\/v2\/product_tag?post=4115"}],"curies":[{"name":"wp","href":"https:\/\/api.w.org\/{rel}","templated":true}]}}