{"id":5517,"date":"2021-10-21T15:50:11","date_gmt":"2021-10-21T15:50:11","guid":{"rendered":"http:\/\/decormobel.com\/?post_type=product&#038;p=5517"},"modified":"2022-04-09T15:33:35","modified_gmt":"2022-04-09T15:33:35","slug":"gaudi","status":"publish","type":"product","link":"https:\/\/decormobel.com\/ca\/productos\/gaudi\/","title":{"rendered":"GAUD\u00cd"},"content":{"rendered":"","protected":false},"excerpt":{"rendered":"<p><strong>Recuperaci\u00f3 immediata.<\/strong><br \/>\nMaterial flexible HR. Alta densitat i m\u00e0xima resist\u00e8ncia que aporta un gran suport i adaptabilitat. Les propietats originals es mantenen inalterables durant anys.<\/p>\n<p><strong>Material termosensible.<\/strong><br \/>\nLa viscoel\u00e0stica redueix els punts de pressi\u00f3 afavorint una millor circulaci\u00f3 sangu\u00ednia. S&#039;adapta totalment al cos com a reacci\u00f3 a la temperatura corporal.<\/p>\n<p><strong>Encoixinat de m\u00e0xima suavitat.<\/strong><br \/>\nMaterial molt suau que aporta caracter\u00edstiques d&#039;efecte envoltant. La seva estructura lleugera proporciona l&#039;aireig i la transpirabilitat necess\u00e0ries per a un descans fresc i sec.<\/p>\n<p><strong>Triat pels consumidors<\/strong><br \/>\nEl matal\u00e0s Gaud\u00ed ha estat elegit pels Consumidors a Espanya com el millor matal\u00e0s de moll ensacat en relaci\u00f3 preu-qualitat.<\/p>","protected":false},"featured_media":7463,"template":"","meta":{"_acf_changed":false,"_themeisle_gutenberg_block_has_review":false},"product_cat":[64],"product_tag":[90,97],"class_list":{"0":"post-5517","1":"product","2":"type-product","3":"status-publish","4":"has-post-thumbnail","6":"product_cat-colchones","7":"product_tag-colchones","8":"product_tag-sonpura","10":"first","11":"instock","12":"shipping-taxable","13":"product-type-simple"},"acf":[],"_links":{"self":[{"href":"https:\/\/decormobel.com\/ca\/wp-json\/wp\/v2\/product\/5517","targetHints":{"allow":["GET"]}}],"collection":[{"href":"https:\/\/decormobel.com\/ca\/wp-json\/wp\/v2\/product"}],"about":[{"href":"https:\/\/decormobel.com\/ca\/wp-json\/wp\/v2\/types\/product"}],"wp:featuredmedia":[{"embeddable":true,"href":"https:\/\/decormobel.com\/ca\/wp-json\/wp\/v2\/media\/7463"}],"wp:attachment":[{"href":"https:\/\/decormobel.com\/ca\/wp-json\/wp\/v2\/media?parent=5517"}],"wp:term":[{"taxonomy":"product_cat","embeddable":true,"href":"https:\/\/decormobel.com\/ca\/wp-json\/wp\/v2\/product_cat?post=5517"},{"taxonomy":"product_tag","embeddable":true,"href":"https:\/\/decormobel.com\/ca\/wp-json\/wp\/v2\/product_tag?post=5517"}],"curies":[{"name":"wp","href":"https:\/\/api.w.org\/{rel}","templated":true}]}}