{"id":5579,"date":"2021-10-21T16:54:24","date_gmt":"2021-10-21T16:54:24","guid":{"rendered":"http:\/\/decormobel.com\/?post_type=product&#038;p=5579"},"modified":"2022-04-07T08:09:11","modified_gmt":"2022-04-07T08:09:11","slug":"lucy","status":"publish","type":"product","link":"https:\/\/decormobel.com\/ca\/productos\/lucy\/","title":{"rendered":"LUCY"},"content":{"rendered":"","protected":false},"excerpt":{"rendered":"<p>Les l\u00ednies modernes del Stressless Lucy i els detalls cl\u00e0ssics aporten eleg\u00e0ncia a qualsevol espai. Quan s&#039;acomodi i senti la seva suavitat, comprendr\u00e0 que \u00e9s possible aconseguir una combinaci\u00f3 de disseny atractiu i veritable confort. Tots els m\u00f2duls dels seients es poden equipar o no, segons el seu desig, amb motors perqu\u00e8 pugui ajustar al vostre gust el respatller i el suport per a les cames. El Stressless Lucy combina a la perfecci\u00f3 amb les butaques Stressless Metro i Stressless Skyline. Trieu entre dos dissenys de reposabra\u00e7os diferents.<\/p>","protected":false},"featured_media":7363,"template":"","meta":{"_acf_changed":false,"_themeisle_gutenberg_block_has_review":false},"product_cat":[63],"product_tag":[89,100],"class_list":{"0":"post-5579","1":"product","2":"type-product","3":"status-publish","4":"has-post-thumbnail","6":"product_cat-sofas","7":"product_tag-sofas","8":"product_tag-stressless","10":"first","11":"instock","12":"shipping-taxable","13":"product-type-simple"},"acf":[],"_links":{"self":[{"href":"https:\/\/decormobel.com\/ca\/wp-json\/wp\/v2\/product\/5579","targetHints":{"allow":["GET"]}}],"collection":[{"href":"https:\/\/decormobel.com\/ca\/wp-json\/wp\/v2\/product"}],"about":[{"href":"https:\/\/decormobel.com\/ca\/wp-json\/wp\/v2\/types\/product"}],"wp:featuredmedia":[{"embeddable":true,"href":"https:\/\/decormobel.com\/ca\/wp-json\/wp\/v2\/media\/7363"}],"wp:attachment":[{"href":"https:\/\/decormobel.com\/ca\/wp-json\/wp\/v2\/media?parent=5579"}],"wp:term":[{"taxonomy":"product_cat","embeddable":true,"href":"https:\/\/decormobel.com\/ca\/wp-json\/wp\/v2\/product_cat?post=5579"},{"taxonomy":"product_tag","embeddable":true,"href":"https:\/\/decormobel.com\/ca\/wp-json\/wp\/v2\/product_tag?post=5579"}],"curies":[{"name":"wp","href":"https:\/\/api.w.org\/{rel}","templated":true}]}}