{"id":5786,"date":"2021-10-25T14:47:21","date_gmt":"2021-10-25T14:47:21","guid":{"rendered":"http:\/\/decormobel.com\/?post_type=product&#038;p=5786"},"modified":"2022-04-09T15:47:32","modified_gmt":"2022-04-09T15:47:32","slug":"caribbean-oak","status":"publish","type":"product","link":"https:\/\/decormobel.com\/ca\/productos\/caribbean-oak\/","title":{"rendered":"CARIBBEAN OAK"},"content":{"rendered":"","protected":false},"excerpt":{"rendered":"<p><strong>Per qu\u00e8 Wood GO?<\/strong><br \/>\nS\u00f2ls flotants amb efectes visuals cl\u00e0ssics de fusta i una estructura multicapa de suro, amb dues capes de suro per assolir un rendiment extra en termes d&#039;a\u00efllament t\u00e8rmic i ac\u00fastic. Aquesta pr\u00e0ctica soluci\u00f3 \u00e9s ideal per als que els agrada la bellesa de la fusta combinada amb un manteniment f\u00e0cil i una superf\u00edcie resistent a les ratllades.<\/p>\n<p><strong>Efectes visuals molt realistes<\/strong><br \/>\n\u00c0mplia selecci\u00f3 defectes visuals que coincideixen amb el seu estil.<\/p>\n<p><strong>Rendiment dins del pressupost<\/strong><br \/>\nAdequat per a zones dom\u00e8stiques i espais comercials de poc pas.<\/p>\n<p><strong>Comoditat extra<\/strong><br \/>\nDoble capa de suro per aconseguir una comoditat extra.<\/p>","protected":false},"featured_media":7477,"template":"","meta":{"_acf_changed":false,"_themeisle_gutenberg_block_has_review":false},"product_cat":[71],"product_tag":[101,105],"class_list":{"0":"post-5786","1":"product","2":"type-product","3":"status-publish","4":"has-post-thumbnail","6":"product_cat-parquet","7":"product_tag-parquet","8":"product_tag-wicanders","10":"first","11":"instock","12":"shipping-taxable","13":"product-type-simple"},"acf":[],"_links":{"self":[{"href":"https:\/\/decormobel.com\/ca\/wp-json\/wp\/v2\/product\/5786","targetHints":{"allow":["GET"]}}],"collection":[{"href":"https:\/\/decormobel.com\/ca\/wp-json\/wp\/v2\/product"}],"about":[{"href":"https:\/\/decormobel.com\/ca\/wp-json\/wp\/v2\/types\/product"}],"wp:featuredmedia":[{"embeddable":true,"href":"https:\/\/decormobel.com\/ca\/wp-json\/wp\/v2\/media\/7477"}],"wp:attachment":[{"href":"https:\/\/decormobel.com\/ca\/wp-json\/wp\/v2\/media?parent=5786"}],"wp:term":[{"taxonomy":"product_cat","embeddable":true,"href":"https:\/\/decormobel.com\/ca\/wp-json\/wp\/v2\/product_cat?post=5786"},{"taxonomy":"product_tag","embeddable":true,"href":"https:\/\/decormobel.com\/ca\/wp-json\/wp\/v2\/product_tag?post=5786"}],"curies":[{"name":"wp","href":"https:\/\/api.w.org\/{rel}","templated":true}]}}