{"id":6054,"date":"2021-10-27T09:02:27","date_gmt":"2021-10-27T09:02:27","guid":{"rendered":"http:\/\/decormobel.com\/?post_type=product&#038;p=6054"},"modified":"2022-04-07T07:36:20","modified_gmt":"2022-04-07T07:36:20","slug":"verona","status":"publish","type":"product","link":"https:\/\/decormobel.com\/ca\/productos\/verona\/","title":{"rendered":"VERONA"},"content":{"rendered":"","protected":false},"excerpt":{"rendered":"<p>Les caracter\u00edstiques dels armaris d&#039;\u00e8poques passades es vesteixen amb un nou estil gr\u00e0cies a un look contemporani que encara evoca records dom\u00e8stics. L&#039;armari Verona, amb tot l&#039;encant de la reminisc\u00e8ncia passada de moda, \u00e9s una nova versi\u00f3 dels cl\u00e0ssics fronts de portes emmarcats i juga amb formes quadrades de diferents dimensions que creen trobades de l\u00ednies verticals i horitzontals i composicions sim\u00e8triques i asim\u00e8triques, lineals i alternes. . Una ranura vertical a l&#039;estructura de l&#039;armari, incorporada al muntant ascendent, garanteix una obertura discreta i elegant, sense tiradors visibles. \u00c9s la sensaci\u00f3 d&#039;eleg\u00e0ncia i de gr\u00e0cia discretes i mesurades que es revela en el moment adequat. El disseny destaca la qualitat de l&#039;artesania, el car\u00e0cter de la fusta i el valor de la construcci\u00f3 s\u00f2lida.<\/p>","protected":false},"featured_media":7352,"template":"","meta":{"_acf_changed":false,"_themeisle_gutenberg_block_has_review":false},"product_cat":[66],"product_tag":[108,106],"class_list":{"0":"post-6054","1":"product","2":"type-product","3":"status-publish","4":"has-post-thumbnail","6":"product_cat-armarios-vestidores","7":"product_tag-armarios-vestidores","8":"product_tag-pianca","10":"first","11":"instock","12":"shipping-taxable","13":"product-type-simple"},"acf":[],"_links":{"self":[{"href":"https:\/\/decormobel.com\/ca\/wp-json\/wp\/v2\/product\/6054","targetHints":{"allow":["GET"]}}],"collection":[{"href":"https:\/\/decormobel.com\/ca\/wp-json\/wp\/v2\/product"}],"about":[{"href":"https:\/\/decormobel.com\/ca\/wp-json\/wp\/v2\/types\/product"}],"wp:featuredmedia":[{"embeddable":true,"href":"https:\/\/decormobel.com\/ca\/wp-json\/wp\/v2\/media\/7352"}],"wp:attachment":[{"href":"https:\/\/decormobel.com\/ca\/wp-json\/wp\/v2\/media?parent=6054"}],"wp:term":[{"taxonomy":"product_cat","embeddable":true,"href":"https:\/\/decormobel.com\/ca\/wp-json\/wp\/v2\/product_cat?post=6054"},{"taxonomy":"product_tag","embeddable":true,"href":"https:\/\/decormobel.com\/ca\/wp-json\/wp\/v2\/product_tag?post=6054"}],"curies":[{"name":"wp","href":"https:\/\/api.w.org\/{rel}","templated":true}]}}