{"id":6060,"date":"2021-10-27T09:06:46","date_gmt":"2021-10-27T09:06:46","guid":{"rendered":"http:\/\/decormobel.com\/?post_type=product&#038;p=6060"},"modified":"2022-04-07T07:35:49","modified_gmt":"2022-04-07T07:35:49","slug":"amalfi","status":"publish","type":"product","link":"https:\/\/decormobel.com\/ca\/productos\/amalfi\/","title":{"rendered":"AMALFI"},"content":{"rendered":"","protected":false},"excerpt":{"rendered":"<p>Com un cofre del tresor, l?armari d?Amalfi s?obre per revelar els seus secrets interns. No nom\u00e9s roba i prestatges, sin\u00f3 un n\u00ednxol d?oficina a casa per a una soluci\u00f3 d?espai de treball \u00edntima i inesperada. L&#039;escriptori Ala amb calaixos, prestatges i m\u00f2duls oberts creen un espai de treball funcional i compacte, discretament amagat darrere de portes que oculten formes i funcions. Petits detalls intel\u00b7ligents de la brillantor de la fabricaci\u00f3 de gabinets, l&#039;\u00fas intel\u00b7ligent de la il\u00b7luminaci\u00f3 oculta i la integraci\u00f3 de les solucions m\u00e9s modernes per a l&#039;espai d&#039;oficina, fan d&#039;Amalfi l&#039;ajuda perfecta per interpretar la flu\u00efdesa de la vida en aquest moment, en comptes d&#039;un h\u00edbrid de diferents g\u00e8neres. Els tiradors de porta de longitud completa, coordinats o en contrast amb la porta, realcen el disseny geom\u00e8tric lineal de l&#039;armari. A m\u00e9s dels estils d&#039;obertura cl\u00e0ssics, Amalfi est\u00e0 disponible amb una frontissa especial per a obertura de porta de 180 \u00b0, recordant les frontisses de portes i mobles fins en \u00e8poques passades.<\/p>","protected":false},"featured_media":7353,"template":"","meta":{"_acf_changed":false,"_themeisle_gutenberg_block_has_review":false},"product_cat":[66],"product_tag":[108,106],"class_list":{"0":"post-6060","1":"product","2":"type-product","3":"status-publish","4":"has-post-thumbnail","6":"product_cat-armarios-vestidores","7":"product_tag-armarios-vestidores","8":"product_tag-pianca","10":"first","11":"instock","12":"shipping-taxable","13":"product-type-simple"},"acf":[],"_links":{"self":[{"href":"https:\/\/decormobel.com\/ca\/wp-json\/wp\/v2\/product\/6060","targetHints":{"allow":["GET"]}}],"collection":[{"href":"https:\/\/decormobel.com\/ca\/wp-json\/wp\/v2\/product"}],"about":[{"href":"https:\/\/decormobel.com\/ca\/wp-json\/wp\/v2\/types\/product"}],"wp:featuredmedia":[{"embeddable":true,"href":"https:\/\/decormobel.com\/ca\/wp-json\/wp\/v2\/media\/7353"}],"wp:attachment":[{"href":"https:\/\/decormobel.com\/ca\/wp-json\/wp\/v2\/media?parent=6060"}],"wp:term":[{"taxonomy":"product_cat","embeddable":true,"href":"https:\/\/decormobel.com\/ca\/wp-json\/wp\/v2\/product_cat?post=6060"},{"taxonomy":"product_tag","embeddable":true,"href":"https:\/\/decormobel.com\/ca\/wp-json\/wp\/v2\/product_tag?post=6060"}],"curies":[{"name":"wp","href":"https:\/\/api.w.org\/{rel}","templated":true}]}}