{"id":6681,"date":"2022-03-09T16:42:22","date_gmt":"2022-03-09T16:42:22","guid":{"rendered":"http:\/\/decormobel.com\/?post_type=product&#038;p=6681"},"modified":"2022-04-09T15:21:43","modified_gmt":"2022-04-09T15:21:43","slug":"thais","status":"publish","type":"product","link":"https:\/\/decormobel.com\/ca\/productos\/thais\/","title":{"rendered":"THAIS"},"content":{"rendered":"","protected":false},"excerpt":{"rendered":"<p>El model THAIS, amb el disseny pur, net i una caiguda lineal cap al desgu\u00e0s de tapa perimetral, ofereix al client m\u00e9s exigent l&#039;eleg\u00e0ncia de la seva delicada senzillesa. Els materials porcell\u00e0nics posseeixen qualitats \u00faniques; gran varietat de gruixos (des d&#039;1,2 cm.), veta homog\u00e8nia i abs\u00e8ncia de porositat.<\/p>","protected":false},"featured_media":7455,"template":"","meta":{"_acf_changed":false,"_themeisle_gutenberg_block_has_review":false},"product_cat":[60],"product_tag":[113,114],"class_list":{"0":"post-6681","1":"product","2":"type-product","3":"status-publish","4":"has-post-thumbnail","6":"product_cat-banos","7":"product_tag-banos","8":"product_tag-piustone","10":"first","11":"instock","12":"shipping-taxable","13":"product-type-simple"},"acf":[],"_links":{"self":[{"href":"https:\/\/decormobel.com\/ca\/wp-json\/wp\/v2\/product\/6681","targetHints":{"allow":["GET"]}}],"collection":[{"href":"https:\/\/decormobel.com\/ca\/wp-json\/wp\/v2\/product"}],"about":[{"href":"https:\/\/decormobel.com\/ca\/wp-json\/wp\/v2\/types\/product"}],"wp:featuredmedia":[{"embeddable":true,"href":"https:\/\/decormobel.com\/ca\/wp-json\/wp\/v2\/media\/7455"}],"wp:attachment":[{"href":"https:\/\/decormobel.com\/ca\/wp-json\/wp\/v2\/media?parent=6681"}],"wp:term":[{"taxonomy":"product_cat","embeddable":true,"href":"https:\/\/decormobel.com\/ca\/wp-json\/wp\/v2\/product_cat?post=6681"},{"taxonomy":"product_tag","embeddable":true,"href":"https:\/\/decormobel.com\/ca\/wp-json\/wp\/v2\/product_tag?post=6681"}],"curies":[{"name":"wp","href":"https:\/\/api.w.org\/{rel}","templated":true}]}}