{"id":6709,"date":"2022-03-09T17:44:14","date_gmt":"2022-03-09T17:44:14","guid":{"rendered":"http:\/\/decormobel.com\/?post_type=product&#038;p=6709"},"modified":"2022-04-07T07:28:12","modified_gmt":"2022-04-07T07:28:12","slug":"domenica","status":"publish","type":"product","link":"https:\/\/decormobel.com\/ca\/productos\/domenica\/","title":{"rendered":"DOM\u00c8NICA"},"content":{"rendered":"","protected":false},"excerpt":{"rendered":"<p>L\u00b4acollida d\u00b4un niu c\u00e0lid i confortable. Volums generosos i envoltants suggereixen una relaxaci\u00f3 total. Marcades harmoniosament per un ritme vertical, les proporcions troben la m\u00e0xima expressi\u00f3 al cap\u00e7al, que abra\u00e7a l&#039;estructura en tota la seva al\u00e7ada. El coix\u00ed gran d&#039;un metre d&#039;alt, amb farciment abundant de plomes, es converteix en un suport suau per al cap i l&#039;esquena. Est\u00e0 disponible a la versi\u00f3 somier, encoixinat i entapissat en tela desenfundable, cuir o cuir sint\u00e8tic.<\/p>","protected":false},"featured_media":7349,"template":"","meta":{"_acf_changed":false,"_themeisle_gutenberg_block_has_review":false},"product_cat":[67],"product_tag":[116,106],"class_list":{"0":"post-6709","1":"product","2":"type-product","3":"status-publish","4":"has-post-thumbnail","6":"product_cat-dormitorios","7":"product_tag-dormitorios-matrimonio","8":"product_tag-pianca","10":"first","11":"instock","12":"shipping-taxable","13":"product-type-simple"},"acf":[],"_links":{"self":[{"href":"https:\/\/decormobel.com\/ca\/wp-json\/wp\/v2\/product\/6709","targetHints":{"allow":["GET"]}}],"collection":[{"href":"https:\/\/decormobel.com\/ca\/wp-json\/wp\/v2\/product"}],"about":[{"href":"https:\/\/decormobel.com\/ca\/wp-json\/wp\/v2\/types\/product"}],"wp:featuredmedia":[{"embeddable":true,"href":"https:\/\/decormobel.com\/ca\/wp-json\/wp\/v2\/media\/7349"}],"wp:attachment":[{"href":"https:\/\/decormobel.com\/ca\/wp-json\/wp\/v2\/media?parent=6709"}],"wp:term":[{"taxonomy":"product_cat","embeddable":true,"href":"https:\/\/decormobel.com\/ca\/wp-json\/wp\/v2\/product_cat?post=6709"},{"taxonomy":"product_tag","embeddable":true,"href":"https:\/\/decormobel.com\/ca\/wp-json\/wp\/v2\/product_tag?post=6709"}],"curies":[{"name":"wp","href":"https:\/\/api.w.org\/{rel}","templated":true}]}}