{"id":6721,"date":"2022-03-09T17:54:14","date_gmt":"2022-03-09T17:54:14","guid":{"rendered":"http:\/\/decormobel.com\/?post_type=product&#038;p=6721"},"modified":"2022-04-07T07:27:03","modified_gmt":"2022-04-07T07:27:03","slug":"rada","status":"publish","type":"product","link":"https:\/\/decormobel.com\/ca\/productos\/rada\/","title":{"rendered":"RADA"},"content":{"rendered":"","protected":false},"excerpt":{"rendered":"<p>Discreta en l&#039;actitud est\u00e8tica, envoltant les l\u00ednies, suau en la dol\u00e7or general. Rada \u00e9s un llit amb perfil fluid, \u00edntim i delicat. El cap\u00e7al es doblega suaument cap enrere, com una invitaci\u00f3 a entregar-se, a deixar-se portar per la seva trucada. El llit sembla que sorgeix d&#039;un sol tra\u00e7 del bol\u00edgraf: els revolts continuen a les potes de metall, en un contrast de materials tan delicat com natural. La tapisseria \u00e9s lleugera i mesurada, fruit del pensament de Philippe Tabet i de la m\u00e0 de l&#039;artes\u00e0 que la va fer. Un nucli met\u00e0l\u00b7lic s&#039;uneix a la base de fosa d&#039;alumini, acabat metal\u00b7litzat o mat, blanc i negre. El cap\u00e7al, disponible en dues altures diferents, \u00e9s de escuma de poliuret\u00e0, amb funda fixa de roba i cuir.<\/p>","protected":false},"featured_media":7351,"template":"","meta":{"_acf_changed":false,"_themeisle_gutenberg_block_has_review":false},"product_cat":[67],"product_tag":[116,106],"class_list":{"0":"post-6721","1":"product","2":"type-product","3":"status-publish","4":"has-post-thumbnail","6":"product_cat-dormitorios","7":"product_tag-dormitorios-matrimonio","8":"product_tag-pianca","10":"first","11":"instock","12":"shipping-taxable","13":"product-type-simple"},"acf":[],"_links":{"self":[{"href":"https:\/\/decormobel.com\/ca\/wp-json\/wp\/v2\/product\/6721","targetHints":{"allow":["GET"]}}],"collection":[{"href":"https:\/\/decormobel.com\/ca\/wp-json\/wp\/v2\/product"}],"about":[{"href":"https:\/\/decormobel.com\/ca\/wp-json\/wp\/v2\/types\/product"}],"wp:featuredmedia":[{"embeddable":true,"href":"https:\/\/decormobel.com\/ca\/wp-json\/wp\/v2\/media\/7351"}],"wp:attachment":[{"href":"https:\/\/decormobel.com\/ca\/wp-json\/wp\/v2\/media?parent=6721"}],"wp:term":[{"taxonomy":"product_cat","embeddable":true,"href":"https:\/\/decormobel.com\/ca\/wp-json\/wp\/v2\/product_cat?post=6721"},{"taxonomy":"product_tag","embeddable":true,"href":"https:\/\/decormobel.com\/ca\/wp-json\/wp\/v2\/product_tag?post=6721"}],"curies":[{"name":"wp","href":"https:\/\/api.w.org\/{rel}","templated":true}]}}