{"id":6727,"date":"2022-03-09T18:05:48","date_gmt":"2022-03-09T18:05:48","guid":{"rendered":"http:\/\/decormobel.com\/?post_type=product&#038;p=6727"},"modified":"2022-04-09T14:57:29","modified_gmt":"2022-04-09T14:57:29","slug":"spazioteca","status":"publish","type":"product","link":"https:\/\/decormobel.com\/ca\/productos\/spazioteca\/","title":{"rendered":"SPAZIOTECA"},"content":{"rendered":"","protected":false},"excerpt":{"rendered":"<p>Disposar d\u201fun espai personalitzat per a totes les coses, articular combinacions, equilibrar espais plens i buits: Spazioteca \u00e9s una s\u00edntesi d\u201fordre, ritme i proporci\u00f3. El concepte cl\u00e0ssic de la llibreria s?obre a noves possibilitats vers\u00e0tils, capaces d?allotjar objectes, llibres, pantalles de televisi\u00f3, separar les zones de la casa i integrar solucions d?home office.<\/p>\n<p>\u00c9s el primer sistema modular amb costats, prestatges, posteriors i divisions amb pas d&#039;1 cm de s\u00e8rie i compartiments sense forats ni ferratges. Una caracter\u00edstica comuna de cada composici\u00f3 \u00e9s el disseny din\u00e0mic i lleuger, adaptat a qualsevol necessitat.<\/p>","protected":false},"featured_media":7346,"template":"","meta":{"_acf_changed":false,"_themeisle_gutenberg_block_has_review":false},"product_cat":[65],"product_tag":[106,107],"class_list":{"0":"post-6727","1":"product","2":"type-product","3":"status-publish","4":"has-post-thumbnail","6":"product_cat-salon-comedor","7":"product_tag-pianca","8":"product_tag-salon-comedor","10":"first","11":"instock","12":"shipping-taxable","13":"product-type-simple"},"acf":[],"_links":{"self":[{"href":"https:\/\/decormobel.com\/ca\/wp-json\/wp\/v2\/product\/6727","targetHints":{"allow":["GET"]}}],"collection":[{"href":"https:\/\/decormobel.com\/ca\/wp-json\/wp\/v2\/product"}],"about":[{"href":"https:\/\/decormobel.com\/ca\/wp-json\/wp\/v2\/types\/product"}],"wp:featuredmedia":[{"embeddable":true,"href":"https:\/\/decormobel.com\/ca\/wp-json\/wp\/v2\/media\/7346"}],"wp:attachment":[{"href":"https:\/\/decormobel.com\/ca\/wp-json\/wp\/v2\/media?parent=6727"}],"wp:term":[{"taxonomy":"product_cat","embeddable":true,"href":"https:\/\/decormobel.com\/ca\/wp-json\/wp\/v2\/product_cat?post=6727"},{"taxonomy":"product_tag","embeddable":true,"href":"https:\/\/decormobel.com\/ca\/wp-json\/wp\/v2\/product_tag?post=6727"}],"curies":[{"name":"wp","href":"https:\/\/api.w.org\/{rel}","templated":true}]}}