{"id":6736,"date":"2022-03-09T18:10:55","date_gmt":"2022-03-09T18:10:55","guid":{"rendered":"http:\/\/decormobel.com\/?post_type=product&#038;p=6736"},"modified":"2022-04-07T07:20:09","modified_gmt":"2022-04-07T07:20:09","slug":"spazio","status":"publish","type":"product","link":"https:\/\/decormobel.com\/ca\/productos\/spazio\/","title":{"rendered":"SP\u00c0SI"},"content":{"rendered":"","protected":false},"excerpt":{"rendered":"<p>Disseny refinat i essencial: Spazio entra al dormitori amb una c\u00f2moda i unes tauletes de nit vers\u00e0tils i altament personalitzables. El sistema modular permet crear solucions rectes o cantoneres, mitjan\u00e7ant composicions simples o articulades. La gamma d\u00b4acabats disponibles \u00e9s molt \u00e0mplia, especialment per als fronts, que poden ser de fusta, lacats, texturitzats, de vidre, mirall o pedra. Obertura push-pull o amb tirador pla, cromat o en cuir.<\/p>","protected":false},"featured_media":7344,"template":"","meta":{"_acf_changed":false,"_themeisle_gutenberg_block_has_review":false},"product_cat":[65],"product_tag":[106,107],"class_list":{"0":"post-6736","1":"product","2":"type-product","3":"status-publish","4":"has-post-thumbnail","6":"product_cat-salon-comedor","7":"product_tag-pianca","8":"product_tag-salon-comedor","10":"first","11":"instock","12":"shipping-taxable","13":"product-type-simple"},"acf":[],"_links":{"self":[{"href":"https:\/\/decormobel.com\/ca\/wp-json\/wp\/v2\/product\/6736","targetHints":{"allow":["GET"]}}],"collection":[{"href":"https:\/\/decormobel.com\/ca\/wp-json\/wp\/v2\/product"}],"about":[{"href":"https:\/\/decormobel.com\/ca\/wp-json\/wp\/v2\/types\/product"}],"wp:featuredmedia":[{"embeddable":true,"href":"https:\/\/decormobel.com\/ca\/wp-json\/wp\/v2\/media\/7344"}],"wp:attachment":[{"href":"https:\/\/decormobel.com\/ca\/wp-json\/wp\/v2\/media?parent=6736"}],"wp:term":[{"taxonomy":"product_cat","embeddable":true,"href":"https:\/\/decormobel.com\/ca\/wp-json\/wp\/v2\/product_cat?post=6736"},{"taxonomy":"product_tag","embeddable":true,"href":"https:\/\/decormobel.com\/ca\/wp-json\/wp\/v2\/product_tag?post=6736"}],"curies":[{"name":"wp","href":"https:\/\/api.w.org\/{rel}","templated":true}]}}