{"id":6742,"date":"2022-03-09T18:14:19","date_gmt":"2022-03-09T18:14:19","guid":{"rendered":"http:\/\/decormobel.com\/?post_type=product&#038;p=6742"},"modified":"2022-04-07T14:30:45","modified_gmt":"2022-04-07T14:30:45","slug":"people","status":"publish","type":"product","link":"https:\/\/decormobel.com\/ca\/productos\/people\/","title":{"rendered":"PEOPLE"},"content":{"rendered":"","protected":false},"excerpt":{"rendered":"<p>Les geometries lineals s\u00f3n els detalls m\u00e9s encantadors i sofisticats: l&#039;eleg\u00e0ncia \u00e9s la clau per redescobrir la bellesa de la vida quotidiana. El sistema modular People encarna la soluci\u00f3 perfecta per als que estimen donar forma a les pr\u00f2pies idees, personalitzant els seus interiors amb llibertat i eleg\u00e0ncia. L&#039;estructura en folding i l&#039;abs\u00e8ncia de tiradors perfilen un disseny continu i discret, que t\u00e9 com a contrapunt uns elements preciosos, com les bandes espaiadores, els prestatges de vidre retroil\u00b7luminats, els nous fronts de cuir i les del darrere en marbre Materico.<\/p>","protected":false},"featured_media":7347,"template":"","meta":{"_acf_changed":false,"_themeisle_gutenberg_block_has_review":false},"product_cat":[65],"product_tag":[106,107],"class_list":{"0":"post-6742","1":"product","2":"type-product","3":"status-publish","4":"has-post-thumbnail","6":"product_cat-salon-comedor","7":"product_tag-pianca","8":"product_tag-salon-comedor","10":"first","11":"instock","12":"shipping-taxable","13":"product-type-simple"},"acf":[],"_links":{"self":[{"href":"https:\/\/decormobel.com\/ca\/wp-json\/wp\/v2\/product\/6742","targetHints":{"allow":["GET"]}}],"collection":[{"href":"https:\/\/decormobel.com\/ca\/wp-json\/wp\/v2\/product"}],"about":[{"href":"https:\/\/decormobel.com\/ca\/wp-json\/wp\/v2\/types\/product"}],"wp:featuredmedia":[{"embeddable":true,"href":"https:\/\/decormobel.com\/ca\/wp-json\/wp\/v2\/media\/7347"}],"wp:attachment":[{"href":"https:\/\/decormobel.com\/ca\/wp-json\/wp\/v2\/media?parent=6742"}],"wp:term":[{"taxonomy":"product_cat","embeddable":true,"href":"https:\/\/decormobel.com\/ca\/wp-json\/wp\/v2\/product_cat?post=6742"},{"taxonomy":"product_tag","embeddable":true,"href":"https:\/\/decormobel.com\/ca\/wp-json\/wp\/v2\/product_tag?post=6742"}],"curies":[{"name":"wp","href":"https:\/\/api.w.org\/{rel}","templated":true}]}}