{"id":6748,"date":"2022-03-09T18:18:00","date_gmt":"2022-03-09T18:18:00","guid":{"rendered":"http:\/\/decormobel.com\/?post_type=product&#038;p=6748"},"modified":"2022-04-07T07:12:51","modified_gmt":"2022-04-07T07:12:51","slug":"unless","status":"publish","type":"product","link":"https:\/\/decormobel.com\/ca\/productos\/unless\/","title":{"rendered":"UNLESS"},"content":{"rendered":"","protected":false},"excerpt":{"rendered":"<p>Els motius geom\u00e8trics regulars i sim\u00e8trics evoquen una sensaci\u00f3 tranquil\u00b7litzadora d&#039;ordre. La llibreria modular Unless juga amb el tema de la repetici\u00f3, proposant estructures lliurement expandibles horitzontalment i verticalment, generades per un sol m\u00f2dul b\u00e0sic. Amb un simple encaix, neixen unes malles espacials amb un disseny discret i minimalista, capaces d&#039;integrar-se a qualsevol context de manera molt natural. Tamb\u00e9 perfecta com a env\u00e0 separador, la llibreria Unless ofereix la possibilitat addicional d&#039;albergar petits calaixos.<\/p>","protected":false},"featured_media":7343,"template":"","meta":{"_acf_changed":false,"_themeisle_gutenberg_block_has_review":false},"product_cat":[65],"product_tag":[106,107],"class_list":{"0":"post-6748","1":"product","2":"type-product","3":"status-publish","4":"has-post-thumbnail","6":"product_cat-salon-comedor","7":"product_tag-pianca","8":"product_tag-salon-comedor","10":"first","11":"instock","12":"shipping-taxable","13":"product-type-simple"},"acf":[],"_links":{"self":[{"href":"https:\/\/decormobel.com\/ca\/wp-json\/wp\/v2\/product\/6748","targetHints":{"allow":["GET"]}}],"collection":[{"href":"https:\/\/decormobel.com\/ca\/wp-json\/wp\/v2\/product"}],"about":[{"href":"https:\/\/decormobel.com\/ca\/wp-json\/wp\/v2\/types\/product"}],"wp:featuredmedia":[{"embeddable":true,"href":"https:\/\/decormobel.com\/ca\/wp-json\/wp\/v2\/media\/7343"}],"wp:attachment":[{"href":"https:\/\/decormobel.com\/ca\/wp-json\/wp\/v2\/media?parent=6748"}],"wp:term":[{"taxonomy":"product_cat","embeddable":true,"href":"https:\/\/decormobel.com\/ca\/wp-json\/wp\/v2\/product_cat?post=6748"},{"taxonomy":"product_tag","embeddable":true,"href":"https:\/\/decormobel.com\/ca\/wp-json\/wp\/v2\/product_tag?post=6748"}],"curies":[{"name":"wp","href":"https:\/\/api.w.org\/{rel}","templated":true}]}}