{"id":4093,"date":"2021-08-16T14:01:38","date_gmt":"2021-08-16T14:01:38","guid":{"rendered":"http:\/\/decormobel.com\/?post_type=product&#038;p=4093"},"modified":"2022-04-07T14:23:12","modified_gmt":"2022-04-07T14:23:12","slug":"milano","status":"publish","type":"product","link":"https:\/\/decormobel.com\/fr\/productos\/cerf-volant\/","title":{"rendered":"MILAN"},"content":{"rendered":"","protected":false},"excerpt":{"rendered":"<p>Milan est l&#039;expression d&#039;un style ancr\u00e9 dans la tradition du design Made in Italy et de la grande architecture. Un authentique &quot;nouveau style italien&quot;, architecte d&#039;une qualit\u00e9 d&#039;espace qui se traduit par une d\u00e9coration claire, nette et expressive, sans exc\u00e8s ni redondances.<\/p>","protected":false},"featured_media":7429,"template":"","meta":{"_acf_changed":false,"_themeisle_gutenberg_block_has_review":false},"product_cat":[59],"product_tag":[91],"class_list":{"0":"post-4093","1":"product","2":"type-product","3":"status-publish","4":"has-post-thumbnail","6":"product_cat-cocinas","7":"product_tag-cocinas","9":"first","10":"instock","11":"shipping-taxable","12":"product-type-simple"},"acf":[],"_links":{"self":[{"href":"https:\/\/decormobel.com\/fr\/wp-json\/wp\/v2\/product\/4093","targetHints":{"allow":["GET"]}}],"collection":[{"href":"https:\/\/decormobel.com\/fr\/wp-json\/wp\/v2\/product"}],"about":[{"href":"https:\/\/decormobel.com\/fr\/wp-json\/wp\/v2\/types\/product"}],"wp:featuredmedia":[{"embeddable":true,"href":"https:\/\/decormobel.com\/fr\/wp-json\/wp\/v2\/media\/7429"}],"wp:attachment":[{"href":"https:\/\/decormobel.com\/fr\/wp-json\/wp\/v2\/media?parent=4093"}],"wp:term":[{"taxonomy":"product_cat","embeddable":true,"href":"https:\/\/decormobel.com\/fr\/wp-json\/wp\/v2\/product_cat?post=4093"},{"taxonomy":"product_tag","embeddable":true,"href":"https:\/\/decormobel.com\/fr\/wp-json\/wp\/v2\/product_tag?post=4093"}],"curies":[{"name":"wp","href":"https:\/\/api.w.org\/{rel}","templated":true}]}}