{"id":4097,"date":"2021-08-17T09:45:06","date_gmt":"2021-08-17T09:45:06","guid":{"rendered":"http:\/\/decormobel.com\/?post_type=product&#038;p=4097"},"modified":"2022-04-07T14:20:47","modified_gmt":"2022-04-07T14:20:47","slug":"tablet","status":"publish","type":"product","link":"https:\/\/decormobel.com\/fr\/productos\/comprimes\/","title":{"rendered":"tablette"},"content":{"rendered":"","protected":false},"excerpt":{"rendered":"<h2 class=\"product-detail__title uk-h2 uk-margin-remove-top uk-visible@m\">Facilitation, simplification, praticit\u00e9 imm\u00e9diate au-del\u00e0 de la modularit\u00e9 habituelle.<\/h2>\n<div class=\"product-detail__text text-toggle text-toggle@s\">\n<div class=\"text-toggle__inner\">\n<p>Le projet Tablet joue avec l&#039;esth\u00e9tique, offrant des contrastes assortis entre les surfaces planes et encadr\u00e9es et entre le naturel des finitions en bois et les couleurs vives : toute solution devient un projet unique. Innovant est le syst\u00e8me d&#039;ouverture de porte avec une poign\u00e9e encastr\u00e9e dans l&#039;\u00e9paisseur et avec un profil, horizontal pour les bases et vertical pour les colonnes, disponible en diff\u00e9rentes finitions, en plus du syst\u00e8me d&#039;ouverture &quot;traditionnel&quot; avec une poign\u00e9e.<\/p>\n<\/div>\n<\/div>","protected":false},"featured_media":7425,"template":"","meta":{"_acf_changed":false,"_themeisle_gutenberg_block_has_review":false},"product_cat":[59],"product_tag":[91],"class_list":{"0":"post-4097","1":"product","2":"type-product","3":"status-publish","4":"has-post-thumbnail","6":"product_cat-cocinas","7":"product_tag-cocinas","9":"first","10":"instock","11":"shipping-taxable","12":"product-type-simple"},"acf":[],"_links":{"self":[{"href":"https:\/\/decormobel.com\/fr\/wp-json\/wp\/v2\/product\/4097","targetHints":{"allow":["GET"]}}],"collection":[{"href":"https:\/\/decormobel.com\/fr\/wp-json\/wp\/v2\/product"}],"about":[{"href":"https:\/\/decormobel.com\/fr\/wp-json\/wp\/v2\/types\/product"}],"wp:featuredmedia":[{"embeddable":true,"href":"https:\/\/decormobel.com\/fr\/wp-json\/wp\/v2\/media\/7425"}],"wp:attachment":[{"href":"https:\/\/decormobel.com\/fr\/wp-json\/wp\/v2\/media?parent=4097"}],"wp:term":[{"taxonomy":"product_cat","embeddable":true,"href":"https:\/\/decormobel.com\/fr\/wp-json\/wp\/v2\/product_cat?post=4097"},{"taxonomy":"product_tag","embeddable":true,"href":"https:\/\/decormobel.com\/fr\/wp-json\/wp\/v2\/product_tag?post=4097"}],"curies":[{"name":"wp","href":"https:\/\/api.w.org\/{rel}","templated":true}]}}