{"id":4101,"date":"2021-08-17T09:47:04","date_gmt":"2021-08-17T09:47:04","guid":{"rendered":"http:\/\/decormobel.com\/?post_type=product&#038;p=4101"},"modified":"2022-05-16T10:10:23","modified_gmt":"2022-05-16T10:10:23","slug":"ethica","status":"publish","type":"product","link":"https:\/\/decormobel.com\/fr\/productos\/ethique\/","title":{"rendered":"\u00c9THIQUE"},"content":{"rendered":"","protected":false},"excerpt":{"rendered":"<h2 class=\"product-detail__title uk-h2 uk-margin-remove-top uk-visible@m\">L&#039;\u00e9volution d&#039;un projet.<\/h2>\n<p>Ethica d\u00e9coratif, c&#039;est-\u00e0-dire l&#039;\u00e9volution de l&#039;un des mod\u00e8les les plus r\u00e9ussis de la gamme Veneta Cucine. Une r\u00e9interpr\u00e9tation qui a surgi \u00e0 la lumi\u00e8re d&#039;une nouvelle sensibilit\u00e9 envers la qualit\u00e9 des mat\u00e9riaux de surface, travaill\u00e9e par un processus de thermostructuration qui cr\u00e9e un effet naturel agr\u00e9able. Innovant est le syst\u00e8me d&#039;ouverture de porte avec une poign\u00e9e encastr\u00e9e dans l&#039;\u00e9paisseur et avec un profil, horizontal pour les bases et vertical pour les colonnes, disponible en diff\u00e9rentes finitions, en plus du syst\u00e8me d&#039;ouverture &quot;traditionnel&quot; avec une poign\u00e9e.<\/p>","protected":false},"featured_media":7436,"template":"","meta":{"_acf_changed":false,"_themeisle_gutenberg_block_has_review":false},"product_cat":[59],"product_tag":[91],"class_list":{"0":"post-4101","1":"product","2":"type-product","3":"status-publish","4":"has-post-thumbnail","6":"product_cat-cocinas","7":"product_tag-cocinas","9":"first","10":"instock","11":"shipping-taxable","12":"product-type-simple"},"acf":[],"_links":{"self":[{"href":"https:\/\/decormobel.com\/fr\/wp-json\/wp\/v2\/product\/4101","targetHints":{"allow":["GET"]}}],"collection":[{"href":"https:\/\/decormobel.com\/fr\/wp-json\/wp\/v2\/product"}],"about":[{"href":"https:\/\/decormobel.com\/fr\/wp-json\/wp\/v2\/types\/product"}],"wp:featuredmedia":[{"embeddable":true,"href":"https:\/\/decormobel.com\/fr\/wp-json\/wp\/v2\/media\/7436"}],"wp:attachment":[{"href":"https:\/\/decormobel.com\/fr\/wp-json\/wp\/v2\/media?parent=4101"}],"wp:term":[{"taxonomy":"product_cat","embeddable":true,"href":"https:\/\/decormobel.com\/fr\/wp-json\/wp\/v2\/product_cat?post=4101"},{"taxonomy":"product_tag","embeddable":true,"href":"https:\/\/decormobel.com\/fr\/wp-json\/wp\/v2\/product_tag?post=4101"}],"curies":[{"name":"wp","href":"https:\/\/api.w.org\/{rel}","templated":true}]}}