{"id":4103,"date":"2021-08-17T09:47:38","date_gmt":"2021-08-17T09:47:38","guid":{"rendered":"http:\/\/decormobel.com\/?post_type=product&#038;p=4103"},"modified":"2022-05-16T10:10:10","modified_gmt":"2022-05-16T10:10:10","slug":"dialogo","status":"publish","type":"product","link":"https:\/\/decormobel.com\/fr\/productos\/dialogue\/","title":{"rendered":"DIALOGUE"},"content":{"rendered":"","protected":false},"excerpt":{"rendered":"<h2 class=\"product-detail__title uk-h2 uk-margin-remove-top uk-visible@m\">Une porte avec un cadre en bois, qui interpr\u00e8te l&#039;artisanat et le rapproche du contemporain.<\/h2>\n<p>Les caract\u00e9ristiques du mod\u00e8le sont: la finition en ch\u00eane qui fait de l&#039;irr\u00e9gularit\u00e9 une valeur intrins\u00e8que et la porte, avec un haut et un bas moul\u00e9s, qui a des proportions d\u00e9cid\u00e9es et une saveur traditionnelle. Syst\u00e8mes disponibles avec poign\u00e9e et structure Shellsystem.<\/p>","protected":false},"featured_media":7434,"template":"","meta":{"_acf_changed":false,"_themeisle_gutenberg_block_has_review":false},"product_cat":[59],"product_tag":[91],"class_list":{"0":"post-4103","1":"product","2":"type-product","3":"status-publish","4":"has-post-thumbnail","6":"product_cat-cocinas","7":"product_tag-cocinas","9":"first","10":"instock","11":"shipping-taxable","12":"product-type-simple"},"acf":[],"_links":{"self":[{"href":"https:\/\/decormobel.com\/fr\/wp-json\/wp\/v2\/product\/4103","targetHints":{"allow":["GET"]}}],"collection":[{"href":"https:\/\/decormobel.com\/fr\/wp-json\/wp\/v2\/product"}],"about":[{"href":"https:\/\/decormobel.com\/fr\/wp-json\/wp\/v2\/types\/product"}],"wp:featuredmedia":[{"embeddable":true,"href":"https:\/\/decormobel.com\/fr\/wp-json\/wp\/v2\/media\/7434"}],"wp:attachment":[{"href":"https:\/\/decormobel.com\/fr\/wp-json\/wp\/v2\/media?parent=4103"}],"wp:term":[{"taxonomy":"product_cat","embeddable":true,"href":"https:\/\/decormobel.com\/fr\/wp-json\/wp\/v2\/product_cat?post=4103"},{"taxonomy":"product_tag","embeddable":true,"href":"https:\/\/decormobel.com\/fr\/wp-json\/wp\/v2\/product_tag?post=4103"}],"curies":[{"name":"wp","href":"https:\/\/api.w.org\/{rel}","templated":true}]}}