{"id":4105,"date":"2021-08-17T09:48:18","date_gmt":"2021-08-17T09:48:18","guid":{"rendered":"http:\/\/decormobel.com\/?post_type=product&#038;p=4105"},"modified":"2022-04-07T14:16:30","modified_gmt":"2022-04-07T14:16:30","slug":"villa-deste","status":"publish","type":"product","link":"https:\/\/decormobel.com\/fr\/productos\/villa-est\/","title":{"rendered":"VILLA D&#039;ESTE"},"content":{"rendered":"","protected":false},"excerpt":{"rendered":"<h2 class=\"product-detail__title uk-h2 uk-margin-remove-top uk-visible@m\">Un exemple classique de style.<\/h2>\n<div class=\"product-detail__text text-toggle text-toggle@s\">\n<div class=\"text-toggle__inner\">\n<p>Signes distinctifs d&#039;un environnement de classe : la chaleur attachante du bois, une palette de couleurs sereine et naturelle, l&#039;\u00e9l\u00e9gance \u00e9ternelle de la porte encadr\u00e9e et les transparences suggestives du verre d\u00e9cor\u00e9 avec une seule technique de microfusion.<\/p>\n<p>Villa d&#039;Este \u00e9voque les atmosph\u00e8res de la cuisine traditionnelle jusque dans les d\u00e9tails, parmi lesquels se distinguent les pr\u00e9cieux boutons.<\/p>\n<p>Villa d&#039;Este est une cuisine qui aime red\u00e9couvrir les valeurs du pass\u00e9, mais ne renonce pas aux avantages de la fonctionnalit\u00e9 moderne, obtenue en rationalisant les espaces et les volumes et en favorisant la libre disposition des \u00e9l\u00e9ments, con\u00e7us pour \u00eatre ajout\u00e9s selon le des types plus distincts et des types de configuration personnelle.<\/p>\n<\/div>\n<\/div>","protected":false},"featured_media":7433,"template":"","meta":{"_acf_changed":false,"_themeisle_gutenberg_block_has_review":false},"product_cat":[59],"product_tag":[91],"class_list":{"0":"post-4105","1":"product","2":"type-product","3":"status-publish","4":"has-post-thumbnail","6":"product_cat-cocinas","7":"product_tag-cocinas","9":"first","10":"instock","11":"shipping-taxable","12":"product-type-simple"},"acf":[],"_links":{"self":[{"href":"https:\/\/decormobel.com\/fr\/wp-json\/wp\/v2\/product\/4105","targetHints":{"allow":["GET"]}}],"collection":[{"href":"https:\/\/decormobel.com\/fr\/wp-json\/wp\/v2\/product"}],"about":[{"href":"https:\/\/decormobel.com\/fr\/wp-json\/wp\/v2\/types\/product"}],"wp:featuredmedia":[{"embeddable":true,"href":"https:\/\/decormobel.com\/fr\/wp-json\/wp\/v2\/media\/7433"}],"wp:attachment":[{"href":"https:\/\/decormobel.com\/fr\/wp-json\/wp\/v2\/media?parent=4105"}],"wp:term":[{"taxonomy":"product_cat","embeddable":true,"href":"https:\/\/decormobel.com\/fr\/wp-json\/wp\/v2\/product_cat?post=4105"},{"taxonomy":"product_tag","embeddable":true,"href":"https:\/\/decormobel.com\/fr\/wp-json\/wp\/v2\/product_tag?post=4105"}],"curies":[{"name":"wp","href":"https:\/\/api.w.org\/{rel}","templated":true}]}}