{"id":4106,"date":"2021-08-17T09:48:33","date_gmt":"2021-08-17T09:48:33","guid":{"rendered":"http:\/\/decormobel.com\/?post_type=product&#038;p=4106"},"modified":"2022-04-07T14:16:00","modified_gmt":"2022-04-07T14:16:00","slug":"memory","status":"publish","type":"product","link":"https:\/\/decormobel.com\/fr\/productos\/memoire\/","title":{"rendered":"M\u00c9MOIRE"},"content":{"rendered":"","protected":false},"excerpt":{"rendered":"<h2 class=\"product-detail__title uk-h2 uk-margin-remove-top uk-visible@m\">Le style comme valeur \u00e0 red\u00e9couvrir.<\/h2>\n<div class=\"product-detail__text text-toggle text-toggle@s\">\n<div class=\"text-toggle__inner\">\n<p>Le style d\u00e9di\u00e9 \u00e0 ceux qui choisissent un type de d\u00e9coration traditionnel sans renoncer \u00e0 la modernit\u00e9 des fonctions. L&#039;ensemble se caract\u00e9rise par la porte \u00e0 cadre avec panneau rembourr\u00e9.<\/p>\n<\/div>\n<\/div>","protected":false},"featured_media":7431,"template":"","meta":{"_acf_changed":false,"_themeisle_gutenberg_block_has_review":false},"product_cat":[59],"product_tag":[91],"class_list":{"0":"post-4106","1":"product","2":"type-product","3":"status-publish","4":"has-post-thumbnail","6":"product_cat-cocinas","7":"product_tag-cocinas","9":"first","10":"instock","11":"shipping-taxable","12":"product-type-simple"},"acf":[],"_links":{"self":[{"href":"https:\/\/decormobel.com\/fr\/wp-json\/wp\/v2\/product\/4106","targetHints":{"allow":["GET"]}}],"collection":[{"href":"https:\/\/decormobel.com\/fr\/wp-json\/wp\/v2\/product"}],"about":[{"href":"https:\/\/decormobel.com\/fr\/wp-json\/wp\/v2\/types\/product"}],"wp:featuredmedia":[{"embeddable":true,"href":"https:\/\/decormobel.com\/fr\/wp-json\/wp\/v2\/media\/7431"}],"wp:attachment":[{"href":"https:\/\/decormobel.com\/fr\/wp-json\/wp\/v2\/media?parent=4106"}],"wp:term":[{"taxonomy":"product_cat","embeddable":true,"href":"https:\/\/decormobel.com\/fr\/wp-json\/wp\/v2\/product_cat?post=4106"},{"taxonomy":"product_tag","embeddable":true,"href":"https:\/\/decormobel.com\/fr\/wp-json\/wp\/v2\/product_tag?post=4106"}],"curies":[{"name":"wp","href":"https:\/\/api.w.org\/{rel}","templated":true}]}}