{"id":4132,"date":"2021-08-23T14:18:06","date_gmt":"2021-08-23T14:18:06","guid":{"rendered":"http:\/\/decormobel.com\/?post_type=product&#038;p=4132"},"modified":"2022-04-07T08:11:21","modified_gmt":"2022-04-07T08:11:21","slug":"adra","status":"publish","type":"product","link":"https:\/\/decormobel.com\/fr\/productos\/adra\/","title":{"rendered":"ADRA"},"content":{"rendered":"","protected":false},"excerpt":{"rendered":"<blockquote><p>Un canap\u00e9 pour profiter du plus haut concept de confort.<\/p><\/blockquote>\n<p>Un mod\u00e8le qui se distingue par son grand confort et s&#039;adapte \u00e0 tous les types d&#039;environnements. Adra vous procurera de grandes sensations de d\u00e9tente difficiles \u00e0 oublier pour que vous vous sentiez bien chez vous.<\/p>","protected":false},"featured_media":7359,"template":"","meta":{"_acf_changed":false,"_themeisle_gutenberg_block_has_review":false},"product_cat":[63],"product_tag":[89,98],"class_list":{"0":"post-4132","1":"product","2":"type-product","3":"status-publish","4":"has-post-thumbnail","6":"product_cat-sofas","7":"product_tag-sofas","8":"product_tag-torresol","10":"first","11":"instock","12":"shipping-taxable","13":"product-type-simple"},"acf":[],"_links":{"self":[{"href":"https:\/\/decormobel.com\/fr\/wp-json\/wp\/v2\/product\/4132","targetHints":{"allow":["GET"]}}],"collection":[{"href":"https:\/\/decormobel.com\/fr\/wp-json\/wp\/v2\/product"}],"about":[{"href":"https:\/\/decormobel.com\/fr\/wp-json\/wp\/v2\/types\/product"}],"wp:featuredmedia":[{"embeddable":true,"href":"https:\/\/decormobel.com\/fr\/wp-json\/wp\/v2\/media\/7359"}],"wp:attachment":[{"href":"https:\/\/decormobel.com\/fr\/wp-json\/wp\/v2\/media?parent=4132"}],"wp:term":[{"taxonomy":"product_cat","embeddable":true,"href":"https:\/\/decormobel.com\/fr\/wp-json\/wp\/v2\/product_cat?post=4132"},{"taxonomy":"product_tag","embeddable":true,"href":"https:\/\/decormobel.com\/fr\/wp-json\/wp\/v2\/product_tag?post=4132"}],"curies":[{"name":"wp","href":"https:\/\/api.w.org\/{rel}","templated":true}]}}