{"id":4133,"date":"2021-08-23T14:26:43","date_gmt":"2021-08-23T14:26:43","guid":{"rendered":"http:\/\/decormobel.com\/?post_type=product&#038;p=4133"},"modified":"2022-04-07T08:11:07","modified_gmt":"2022-04-07T08:11:07","slug":"kioto","status":"publish","type":"product","link":"https:\/\/decormobel.com\/fr\/productos\/kyoto-2\/","title":{"rendered":"KYOTO"},"content":{"rendered":"","protected":false},"excerpt":{"rendered":"<blockquote><p>Harmonie des formes et confort pour cr\u00e9er des ambiances tr\u00e8s accueillantes.<\/p><\/blockquote>\n<p>Installez-vous confortablement et profitez d&#039;un vrai repos. Kioto est un mod\u00e8le au design innovant qui dispose \u00e9galement d&#039;une grande capacit\u00e9 de rangement avec plusieurs coffres \u00e0 l&#039;int\u00e9rieur.<\/p>","protected":false},"featured_media":7360,"template":"","meta":{"_acf_changed":false,"_themeisle_gutenberg_block_has_review":false},"product_cat":[63],"product_tag":[89,98],"class_list":{"0":"post-4133","1":"product","2":"type-product","3":"status-publish","4":"has-post-thumbnail","6":"product_cat-sofas","7":"product_tag-sofas","8":"product_tag-torresol","10":"first","11":"instock","12":"shipping-taxable","13":"product-type-simple"},"acf":[],"_links":{"self":[{"href":"https:\/\/decormobel.com\/fr\/wp-json\/wp\/v2\/product\/4133","targetHints":{"allow":["GET"]}}],"collection":[{"href":"https:\/\/decormobel.com\/fr\/wp-json\/wp\/v2\/product"}],"about":[{"href":"https:\/\/decormobel.com\/fr\/wp-json\/wp\/v2\/types\/product"}],"wp:featuredmedia":[{"embeddable":true,"href":"https:\/\/decormobel.com\/fr\/wp-json\/wp\/v2\/media\/7360"}],"wp:attachment":[{"href":"https:\/\/decormobel.com\/fr\/wp-json\/wp\/v2\/media?parent=4133"}],"wp:term":[{"taxonomy":"product_cat","embeddable":true,"href":"https:\/\/decormobel.com\/fr\/wp-json\/wp\/v2\/product_cat?post=4133"},{"taxonomy":"product_tag","embeddable":true,"href":"https:\/\/decormobel.com\/fr\/wp-json\/wp\/v2\/product_tag?post=4133"}],"curies":[{"name":"wp","href":"https:\/\/api.w.org\/{rel}","templated":true}]}}