{"id":5496,"date":"2021-10-21T15:26:30","date_gmt":"2021-10-21T15:26:30","guid":{"rendered":"http:\/\/decormobel.com\/?post_type=product&#038;p=5496"},"modified":"2022-04-09T15:37:59","modified_gmt":"2022-04-09T15:37:59","slug":"carisma","status":"publish","type":"product","link":"https:\/\/decormobel.com\/fr\/productos\/charisme\/","title":{"rendered":"CHARISME"},"content":{"rendered":"","protected":false},"excerpt":{"rendered":"<p><b>La fibre naturelle la plus appr\u00e9ci\u00e9e au monde.<\/b><br \/>\nAu toucher doux et soyeux, c&#039;est une mati\u00e8re l\u00e9g\u00e8re et un extraordinaire isolant thermique. Un mat\u00e9riau qui transforme le repos en un vrai plaisir.<\/p>\n<p><strong>Adaptabilit\u00e9 et confort.<\/strong><br \/>\nHR haute densit\u00e9 qui offre une grande r\u00e9sistance et durabilit\u00e9. Tr\u00e8s hygi\u00e9nique, peu sujet \u00e0 l&#039;accumulation de bact\u00e9ries. Respirabilit\u00e9 maximale, pour un repos frais et confortable.<\/p>\n<p><b>Supratherm 50Kg\/m<sup>3<\/sup><\/b><br \/>\nVisco\u00e9lastique haute densit\u00e9 dont les propri\u00e9t\u00e9s et le confort ne sont pas alt\u00e9r\u00e9s par les changements de temp\u00e9rature ext\u00e9rieure. Favorise la circulation sanguine et soulage les tensions musculaires.<\/p>\n<p><b>Effet d&#039;impression de douceur maximale.<\/b><br \/>\nMat\u00e9riau ind\u00e9formable, il s&#039;adapte au corps en retrouvant sa forme initiale une fois la pression disparue. Confort doux et enveloppant.<\/p>","protected":false},"featured_media":7461,"template":"","meta":{"_acf_changed":false,"_themeisle_gutenberg_block_has_review":false},"product_cat":[64],"product_tag":[90,97],"class_list":{"0":"post-5496","1":"product","2":"type-product","3":"status-publish","4":"has-post-thumbnail","6":"product_cat-colchones","7":"product_tag-colchones","8":"product_tag-sonpura","10":"first","11":"instock","12":"shipping-taxable","13":"product-type-simple"},"acf":[],"_links":{"self":[{"href":"https:\/\/decormobel.com\/fr\/wp-json\/wp\/v2\/product\/5496","targetHints":{"allow":["GET"]}}],"collection":[{"href":"https:\/\/decormobel.com\/fr\/wp-json\/wp\/v2\/product"}],"about":[{"href":"https:\/\/decormobel.com\/fr\/wp-json\/wp\/v2\/types\/product"}],"wp:featuredmedia":[{"embeddable":true,"href":"https:\/\/decormobel.com\/fr\/wp-json\/wp\/v2\/media\/7461"}],"wp:attachment":[{"href":"https:\/\/decormobel.com\/fr\/wp-json\/wp\/v2\/media?parent=5496"}],"wp:term":[{"taxonomy":"product_cat","embeddable":true,"href":"https:\/\/decormobel.com\/fr\/wp-json\/wp\/v2\/product_cat?post=5496"},{"taxonomy":"product_tag","embeddable":true,"href":"https:\/\/decormobel.com\/fr\/wp-json\/wp\/v2\/product_tag?post=5496"}],"curies":[{"name":"wp","href":"https:\/\/api.w.org\/{rel}","templated":true}]}}