{"id":5502,"date":"2021-10-21T15:33:52","date_gmt":"2021-10-21T15:33:52","guid":{"rendered":"http:\/\/decormobel.com\/?post_type=product&#038;p=5502"},"modified":"2022-04-09T15:36:09","modified_gmt":"2022-04-09T15:36:09","slug":"royal","status":"publish","type":"product","link":"https:\/\/decormobel.com\/fr\/productos\/royal\/","title":{"rendered":"ROYAL"},"content":{"rendered":"","protected":false},"excerpt":{"rendered":"<p><strong>Hygi\u00e8ne et protection.<\/strong><br \/>\nFibre \u00e9cologique aux propri\u00e9t\u00e9s thermor\u00e9gulatrices avec une excellente capacit\u00e9 d&#039;absorption de l&#039;humidit\u00e9. Tissu Micro Tencel<sup>\u00ae<\/sup>\u00a0emp\u00eache la croissance des bact\u00e9ries en r\u00e9duisant l&#039;apparition d&#039;allergies.<\/p>\n<p><strong>mat\u00e9riau thermosensible.<\/strong><br \/>\nVisco\u00e9lastique r\u00e9duit les points de pression favorisant une meilleure circulation sanguine. Il s&#039;adapte parfaitement au corps en r\u00e9action \u00e0 la temp\u00e9rature corporelle.<\/p>\n<p><b>Des fibres naturelles pour votre bien-\u00eatre. <\/b>Mat\u00e9riaux aux propri\u00e9t\u00e9s thermor\u00e9gulatrices qui absorbent l&#039;humidit\u00e9 du corps. Ils renforcent la sensation de fra\u00eecheur et garantissent la respirabilit\u00e9, am\u00e9liorant la qualit\u00e9 du repos.<\/p>\n<p><strong>Choisi par les consommateurs<\/strong><br \/>\nLe matelas Royal a \u00e9t\u00e9 choisi par les consommateurs espagnols comme le meilleur matelas \u00e0 ressorts ensach\u00e9s en termes de rapport qualit\u00e9-prix.<\/p>","protected":false},"featured_media":7466,"template":"","meta":{"_acf_changed":false,"_themeisle_gutenberg_block_has_review":false},"product_cat":[64],"product_tag":[90,97],"class_list":{"0":"post-5502","1":"product","2":"type-product","3":"status-publish","4":"has-post-thumbnail","6":"product_cat-colchones","7":"product_tag-colchones","8":"product_tag-sonpura","10":"first","11":"instock","12":"shipping-taxable","13":"product-type-simple"},"acf":[],"_links":{"self":[{"href":"https:\/\/decormobel.com\/fr\/wp-json\/wp\/v2\/product\/5502","targetHints":{"allow":["GET"]}}],"collection":[{"href":"https:\/\/decormobel.com\/fr\/wp-json\/wp\/v2\/product"}],"about":[{"href":"https:\/\/decormobel.com\/fr\/wp-json\/wp\/v2\/types\/product"}],"wp:featuredmedia":[{"embeddable":true,"href":"https:\/\/decormobel.com\/fr\/wp-json\/wp\/v2\/media\/7466"}],"wp:attachment":[{"href":"https:\/\/decormobel.com\/fr\/wp-json\/wp\/v2\/media?parent=5502"}],"wp:term":[{"taxonomy":"product_cat","embeddable":true,"href":"https:\/\/decormobel.com\/fr\/wp-json\/wp\/v2\/product_cat?post=5502"},{"taxonomy":"product_tag","embeddable":true,"href":"https:\/\/decormobel.com\/fr\/wp-json\/wp\/v2\/product_tag?post=5502"}],"curies":[{"name":"wp","href":"https:\/\/api.w.org\/{rel}","templated":true}]}}