{"id":5517,"date":"2021-10-21T15:50:11","date_gmt":"2021-10-21T15:50:11","guid":{"rendered":"http:\/\/decormobel.com\/?post_type=product&#038;p=5517"},"modified":"2022-04-09T15:33:35","modified_gmt":"2022-04-09T15:33:35","slug":"gaudi","status":"publish","type":"product","link":"https:\/\/decormobel.com\/fr\/productos\/gaudi\/","title":{"rendered":"GAUDI"},"content":{"rendered":"","protected":false},"excerpt":{"rendered":"<p><strong>R\u00e9cup\u00e9ration imm\u00e9diate.<\/strong><br \/>\nMat\u00e9riau HR flexible. Haute densit\u00e9 et r\u00e9sistance maximale qui offre un excellent soutien et adaptabilit\u00e9. Ses propri\u00e9t\u00e9s d&#039;origine restent inchang\u00e9es pendant des ann\u00e9es.<\/p>\n<p><strong>mat\u00e9riau thermosensible.<\/strong><br \/>\nVisco\u00e9lastique r\u00e9duit les points de pression favorisant une meilleure circulation sanguine. Il s&#039;adapte parfaitement au corps en r\u00e9action \u00e0 la temp\u00e9rature corporelle.<\/p>\n<p><strong>Rembourrage doux maximum.<\/strong><br \/>\nMat\u00e9riau tr\u00e8s doux qui offre des caract\u00e9ristiques d&#039;effet enveloppant. Sa structure l\u00e9g\u00e8re offre la ventilation et la respirabilit\u00e9 n\u00e9cessaires pour un repos frais et sec.<\/p>\n<p><strong>Choisi par les consommateurs<\/strong><br \/>\nLe matelas Gaud\u00ed a \u00e9t\u00e9 choisi par les consommateurs espagnols comme le meilleur matelas \u00e0 ressorts ensach\u00e9s en termes de rapport qualit\u00e9-prix.<\/p>","protected":false},"featured_media":7463,"template":"","meta":{"_acf_changed":false,"_themeisle_gutenberg_block_has_review":false},"product_cat":[64],"product_tag":[90,97],"class_list":{"0":"post-5517","1":"product","2":"type-product","3":"status-publish","4":"has-post-thumbnail","6":"product_cat-colchones","7":"product_tag-colchones","8":"product_tag-sonpura","10":"first","11":"instock","12":"shipping-taxable","13":"product-type-simple"},"acf":[],"_links":{"self":[{"href":"https:\/\/decormobel.com\/fr\/wp-json\/wp\/v2\/product\/5517","targetHints":{"allow":["GET"]}}],"collection":[{"href":"https:\/\/decormobel.com\/fr\/wp-json\/wp\/v2\/product"}],"about":[{"href":"https:\/\/decormobel.com\/fr\/wp-json\/wp\/v2\/types\/product"}],"wp:featuredmedia":[{"embeddable":true,"href":"https:\/\/decormobel.com\/fr\/wp-json\/wp\/v2\/media\/7463"}],"wp:attachment":[{"href":"https:\/\/decormobel.com\/fr\/wp-json\/wp\/v2\/media?parent=5517"}],"wp:term":[{"taxonomy":"product_cat","embeddable":true,"href":"https:\/\/decormobel.com\/fr\/wp-json\/wp\/v2\/product_cat?post=5517"},{"taxonomy":"product_tag","embeddable":true,"href":"https:\/\/decormobel.com\/fr\/wp-json\/wp\/v2\/product_tag?post=5517"}],"curies":[{"name":"wp","href":"https:\/\/api.w.org\/{rel}","templated":true}]}}