{"id":5782,"date":"2021-10-25T14:39:13","date_gmt":"2021-10-25T14:39:13","guid":{"rendered":"http:\/\/decormobel.com\/?post_type=product&#038;p=5782"},"modified":"2022-04-09T15:48:46","modified_gmt":"2022-04-09T15:48:46","slug":"alaska-oak","status":"publish","type":"product","link":"https:\/\/decormobel.com\/fr\/productos\/chene-dalaska\/","title":{"rendered":"CH\u00caNE D&#039;ALASKA"},"content":{"rendered":"","protected":false},"excerpt":{"rendered":"<p><strong>Pourquoi WoodGO ?<\/strong><br \/>\nPlanchers flottants avec des effets visuels classiques du bois et une structure en li\u00e8ge multicouche, avec deux couches de li\u00e8ge pour obtenir des performances suppl\u00e9mentaires en termes d&#039;isolation thermique et acoustique. Cette solution pratique est id\u00e9ale pour ceux qui aiment la beaut\u00e9 du bois associ\u00e9e \u00e0 un entretien facile et une surface r\u00e9sistante aux rayures.<\/p>\n<p><strong>Effets visuels tr\u00e8s r\u00e9alistes<\/strong><br \/>\nLarge s\u00e9lection d&#039;effets visuels pour correspondre \u00e0 votre style.<\/p>\n<p><strong>Performance dans le budget<\/strong><br \/>\nConvient aux zones domestiques et aux espaces commerciaux \u00e0 faible trafic.<\/p>\n<p><strong>confort suppl\u00e9mentaire<\/strong><br \/>\nDouble couche de li\u00e8ge pour plus de confort.<\/p>","protected":false},"featured_media":7476,"template":"","meta":{"_acf_changed":false,"_themeisle_gutenberg_block_has_review":false},"product_cat":[71],"product_tag":[101,105],"class_list":{"0":"post-5782","1":"product","2":"type-product","3":"status-publish","4":"has-post-thumbnail","6":"product_cat-parquet","7":"product_tag-parquet","8":"product_tag-wicanders","10":"first","11":"instock","12":"shipping-taxable","13":"product-type-simple"},"acf":[],"_links":{"self":[{"href":"https:\/\/decormobel.com\/fr\/wp-json\/wp\/v2\/product\/5782","targetHints":{"allow":["GET"]}}],"collection":[{"href":"https:\/\/decormobel.com\/fr\/wp-json\/wp\/v2\/product"}],"about":[{"href":"https:\/\/decormobel.com\/fr\/wp-json\/wp\/v2\/types\/product"}],"wp:featuredmedia":[{"embeddable":true,"href":"https:\/\/decormobel.com\/fr\/wp-json\/wp\/v2\/media\/7476"}],"wp:attachment":[{"href":"https:\/\/decormobel.com\/fr\/wp-json\/wp\/v2\/media?parent=5782"}],"wp:term":[{"taxonomy":"product_cat","embeddable":true,"href":"https:\/\/decormobel.com\/fr\/wp-json\/wp\/v2\/product_cat?post=5782"},{"taxonomy":"product_tag","embeddable":true,"href":"https:\/\/decormobel.com\/fr\/wp-json\/wp\/v2\/product_tag?post=5782"}],"curies":[{"name":"wp","href":"https:\/\/api.w.org\/{rel}","templated":true}]}}