{"id":6054,"date":"2021-10-27T09:02:27","date_gmt":"2021-10-27T09:02:27","guid":{"rendered":"http:\/\/decormobel.com\/?post_type=product&#038;p=6054"},"modified":"2022-04-07T07:36:20","modified_gmt":"2022-04-07T07:36:20","slug":"verona","status":"publish","type":"product","link":"https:\/\/decormobel.com\/fr\/productos\/verone\/","title":{"rendered":"V\u00c9RONE"},"content":{"rendered":"","protected":false},"excerpt":{"rendered":"<p>Les \u00e9l\u00e9ments de garde-robe d&#039;\u00e9poques r\u00e9volues s&#039;habillent d&#039;un nouveau style, gr\u00e2ce \u00e0 un look contemporain qui \u00e9voque encore des souvenirs domestiques. La garde-robe Verona, avec tout le charme de la r\u00e9miniscence \u00e0 l&#039;ancienne, est une nouvelle version des fa\u00e7ades de portes encadr\u00e9es classiques et joue avec des formes carr\u00e9es de diff\u00e9rentes dimensions qui cr\u00e9ent des rencontres de lignes verticales et horizontales, et des compositions lin\u00e9aires sym\u00e9triques et asym\u00e9triques. . . Une fente verticale dans la structure du meuble, int\u00e9gr\u00e9e au montant montant, garantit une ouverture discr\u00e8te et \u00e9l\u00e9gante, sans poign\u00e9es apparentes. C&#039;est le sens de l&#039;\u00e9l\u00e9gance et de la gr\u00e2ce discr\u00e8tes et mesur\u00e9es qui se r\u00e9v\u00e8le au bon moment. Le design met en valeur la qualit\u00e9 de l&#039;artisanat, le caract\u00e8re du bois et la valeur de sa construction solide.<\/p>","protected":false},"featured_media":7352,"template":"","meta":{"_acf_changed":false,"_themeisle_gutenberg_block_has_review":false},"product_cat":[66],"product_tag":[108,106],"class_list":{"0":"post-6054","1":"product","2":"type-product","3":"status-publish","4":"has-post-thumbnail","6":"product_cat-armarios-vestidores","7":"product_tag-armarios-vestidores","8":"product_tag-pianca","10":"first","11":"instock","12":"shipping-taxable","13":"product-type-simple"},"acf":[],"_links":{"self":[{"href":"https:\/\/decormobel.com\/fr\/wp-json\/wp\/v2\/product\/6054","targetHints":{"allow":["GET"]}}],"collection":[{"href":"https:\/\/decormobel.com\/fr\/wp-json\/wp\/v2\/product"}],"about":[{"href":"https:\/\/decormobel.com\/fr\/wp-json\/wp\/v2\/types\/product"}],"wp:featuredmedia":[{"embeddable":true,"href":"https:\/\/decormobel.com\/fr\/wp-json\/wp\/v2\/media\/7352"}],"wp:attachment":[{"href":"https:\/\/decormobel.com\/fr\/wp-json\/wp\/v2\/media?parent=6054"}],"wp:term":[{"taxonomy":"product_cat","embeddable":true,"href":"https:\/\/decormobel.com\/fr\/wp-json\/wp\/v2\/product_cat?post=6054"},{"taxonomy":"product_tag","embeddable":true,"href":"https:\/\/decormobel.com\/fr\/wp-json\/wp\/v2\/product_tag?post=6054"}],"curies":[{"name":"wp","href":"https:\/\/api.w.org\/{rel}","templated":true}]}}