{"id":6093,"date":"2021-10-27T09:27:55","date_gmt":"2021-10-27T09:27:55","guid":{"rendered":"http:\/\/decormobel.com\/?post_type=product&#038;p=6093"},"modified":"2022-03-28T09:07:03","modified_gmt":"2022-03-28T09:07:03","slug":"dormitorio-juvenil-con-cama-nido","status":"publish","type":"product","link":"https:\/\/decormobel.com\/fr\/productos\/chambre-jeune-avec-lit-gigogne\/","title":{"rendered":"Chambre d&#039;ado avec lit gigogne"},"content":{"rendered":"","protected":false},"excerpt":{"rendered":"<p><strong>NIDS ET COMPACTS : LITS \u00c9QUIP\u00c9S<\/strong><br \/>\nIl existe de nombreuses fa\u00e7ons de faire dormir deux enfants dans un petit espace, mais aucune ne vaut le compact.<\/p>\n<p>Les lits \u00e9quip\u00e9s : gigognes ou compacts, sont le meuble id\u00e9al pour les petits espaces gr\u00e2ce \u00e0 leur fonctionnalit\u00e9 et leur praticit\u00e9.<\/p>\n<p><strong>ARMOIRE BO\u00ceTE \u00c0 ROBES<\/strong><br \/>\nGr\u00e2ce aux modules Dressbox, vous pouvez cr\u00e9er la combinaison que vous souhaitez pour votre garde-robe. Type de portes, taille des espaces, poign\u00e9es, couleurs.<\/p>","protected":false},"featured_media":6105,"template":"","meta":{"_acf_changed":false,"_themeisle_gutenberg_block_has_review":false},"product_cat":[70],"product_tag":[110,111],"class_list":{"0":"post-6093","1":"product","2":"type-product","3":"status-publish","4":"has-post-thumbnail","6":"product_cat-juvenil","7":"product_tag-juvenil","8":"product_tag-la-grama","10":"first","11":"instock","12":"shipping-taxable","13":"product-type-simple"},"acf":[],"_links":{"self":[{"href":"https:\/\/decormobel.com\/fr\/wp-json\/wp\/v2\/product\/6093","targetHints":{"allow":["GET"]}}],"collection":[{"href":"https:\/\/decormobel.com\/fr\/wp-json\/wp\/v2\/product"}],"about":[{"href":"https:\/\/decormobel.com\/fr\/wp-json\/wp\/v2\/types\/product"}],"wp:featuredmedia":[{"embeddable":true,"href":"https:\/\/decormobel.com\/fr\/wp-json\/wp\/v2\/media\/6105"}],"wp:attachment":[{"href":"https:\/\/decormobel.com\/fr\/wp-json\/wp\/v2\/media?parent=6093"}],"wp:term":[{"taxonomy":"product_cat","embeddable":true,"href":"https:\/\/decormobel.com\/fr\/wp-json\/wp\/v2\/product_cat?post=6093"},{"taxonomy":"product_tag","embeddable":true,"href":"https:\/\/decormobel.com\/fr\/wp-json\/wp\/v2\/product_tag?post=6093"}],"curies":[{"name":"wp","href":"https:\/\/api.w.org\/{rel}","templated":true}]}}