{"id":6696,"date":"2022-03-09T17:30:29","date_gmt":"2022-03-09T17:30:29","guid":{"rendered":"http:\/\/decormobel.com\/?post_type=product&#038;p=6696"},"modified":"2022-04-09T15:20:18","modified_gmt":"2022-04-09T15:20:18","slug":"wild","status":"publish","type":"product","link":"https:\/\/decormobel.com\/fr\/productos\/sauvage\/","title":{"rendered":"SAUVAGE"},"content":{"rendered":"","protected":false},"excerpt":{"rendered":"<p>Wild est la ligne de meubles de salle de bain que nous avons cr\u00e9\u00e9e \u00e0 la recherche d&#039;un go\u00fbt contemporain, sobre et discret. Wild est n\u00e9 suite \u00e0 cette intuition<\/p>\n<p>devenir une ligne de mobilier pour \u00e9quipement de salle de bain modulable, polyvalent et personnalisable. L&#039;\u00e9l\u00e9gance et la praticit\u00e9 vont ici de pair.<\/p>","protected":false},"featured_media":7456,"template":"","meta":{"_acf_changed":false,"_themeisle_gutenberg_block_has_review":false},"product_cat":[60],"product_tag":[113,115],"class_list":{"0":"post-6696","1":"product","2":"type-product","3":"status-publish","4":"has-post-thumbnail","6":"product_cat-banos","7":"product_tag-banos","8":"product_tag-gbgroupe","10":"first","11":"instock","12":"shipping-taxable","13":"product-type-simple"},"acf":[],"_links":{"self":[{"href":"https:\/\/decormobel.com\/fr\/wp-json\/wp\/v2\/product\/6696","targetHints":{"allow":["GET"]}}],"collection":[{"href":"https:\/\/decormobel.com\/fr\/wp-json\/wp\/v2\/product"}],"about":[{"href":"https:\/\/decormobel.com\/fr\/wp-json\/wp\/v2\/types\/product"}],"wp:featuredmedia":[{"embeddable":true,"href":"https:\/\/decormobel.com\/fr\/wp-json\/wp\/v2\/media\/7456"}],"wp:attachment":[{"href":"https:\/\/decormobel.com\/fr\/wp-json\/wp\/v2\/media?parent=6696"}],"wp:term":[{"taxonomy":"product_cat","embeddable":true,"href":"https:\/\/decormobel.com\/fr\/wp-json\/wp\/v2\/product_cat?post=6696"},{"taxonomy":"product_tag","embeddable":true,"href":"https:\/\/decormobel.com\/fr\/wp-json\/wp\/v2\/product_tag?post=6696"}],"curies":[{"name":"wp","href":"https:\/\/api.w.org\/{rel}","templated":true}]}}