{"id":6721,"date":"2022-03-09T17:54:14","date_gmt":"2022-03-09T17:54:14","guid":{"rendered":"http:\/\/decormobel.com\/?post_type=product&#038;p=6721"},"modified":"2022-04-07T07:27:03","modified_gmt":"2022-04-07T07:27:03","slug":"rada","status":"publish","type":"product","link":"https:\/\/decormobel.com\/fr\/productos\/barrage-routier\/","title":{"rendered":"RADA"},"content":{"rendered":"","protected":false},"excerpt":{"rendered":"<p>Discret dans l&#039;attitude esth\u00e9tique, enveloppant dans les lignes, doux dans la douceur g\u00e9n\u00e9rale. Rada est un lit au profil fluide, intime et d\u00e9licat. La t\u00eate de lit se replie doucement, comme une invitation \u00e0 s&#039;abandonner, \u00e0 se laisser emporter par son appel. Le lit semble surgir d&#039;un seul coup de crayon : les courbes se prolongent dans les pieds en m\u00e9tal, dans un contraste de mati\u00e8res aussi d\u00e9licat que naturel. La sellerie est l\u00e9g\u00e8re et mesur\u00e9e, fruit de la r\u00e9flexion de Philippe Tabet et de la main de l&#039;artisan qui l&#039;a r\u00e9alis\u00e9e. Un noyau m\u00e9tallique est fix\u00e9 \u00e0 la base en fonte d&#039;aluminium, dans une finition m\u00e9tallique ou mate, noire et blanche. La t\u00eate de lit, disponible en deux hauteurs diff\u00e9rentes, est en mousse de polyur\u00e9thane, avec un rev\u00eatement fixe en tissu et cuir.<\/p>","protected":false},"featured_media":7351,"template":"","meta":{"_acf_changed":false,"_themeisle_gutenberg_block_has_review":false},"product_cat":[67],"product_tag":[116,106],"class_list":{"0":"post-6721","1":"product","2":"type-product","3":"status-publish","4":"has-post-thumbnail","6":"product_cat-dormitorios","7":"product_tag-dormitorios-matrimonio","8":"product_tag-pianca","10":"first","11":"instock","12":"shipping-taxable","13":"product-type-simple"},"acf":[],"_links":{"self":[{"href":"https:\/\/decormobel.com\/fr\/wp-json\/wp\/v2\/product\/6721","targetHints":{"allow":["GET"]}}],"collection":[{"href":"https:\/\/decormobel.com\/fr\/wp-json\/wp\/v2\/product"}],"about":[{"href":"https:\/\/decormobel.com\/fr\/wp-json\/wp\/v2\/types\/product"}],"wp:featuredmedia":[{"embeddable":true,"href":"https:\/\/decormobel.com\/fr\/wp-json\/wp\/v2\/media\/7351"}],"wp:attachment":[{"href":"https:\/\/decormobel.com\/fr\/wp-json\/wp\/v2\/media?parent=6721"}],"wp:term":[{"taxonomy":"product_cat","embeddable":true,"href":"https:\/\/decormobel.com\/fr\/wp-json\/wp\/v2\/product_cat?post=6721"},{"taxonomy":"product_tag","embeddable":true,"href":"https:\/\/decormobel.com\/fr\/wp-json\/wp\/v2\/product_tag?post=6721"}],"curies":[{"name":"wp","href":"https:\/\/api.w.org\/{rel}","templated":true}]}}